{"id":3362,"date":"2026-05-15T03:01:33","date_gmt":"2026-05-15T03:01:33","guid":{"rendered":"https:\/\/samanesonu.colegiolossamanes.edu.co\/?page_id=3362"},"modified":"2026-05-15T07:26:50","modified_gmt":"2026-05-15T07:26:50","slug":"escuela-de-derecho","status":"publish","type":"page","link":"https:\/\/samanesonu.colegiolossamanes.edu.co\/index.php\/escuela-de-derecho\/","title":{"rendered":"Escuela de Derecho: El Reto de la Casu\u00edstica y el Estado"},"content":{"rendered":"\n<div class=\"wp-block-columns is-layout-flex wp-container-core-columns-is-layout-1 wp-block-columns-is-layout-flex\">\n<div class=\"wp-block-column is-layout-flow wp-block-column-is-layout-flow\"><div class=\"wp-block-image\">\n<figure class=\"aligncenter size-large is-resized\"><img loading=\"lazy\" decoding=\"async\" width=\"1024\" height=\"1024\" src=\"https:\/\/samanesonu.colegiolossamanes.edu.co\/wp-content\/uploads\/2026\/05\/ChatGPT-Image-14-may-2026-22_20_14-1-1024x1024.png\" alt=\"\" class=\"wp-image-4075\" style=\"width:349px;height:auto\" srcset=\"https:\/\/samanesonu.colegiolossamanes.edu.co\/wp-content\/uploads\/2026\/05\/ChatGPT-Image-14-may-2026-22_20_14-1-1024x1024.png 1024w, https:\/\/samanesonu.colegiolossamanes.edu.co\/wp-content\/uploads\/2026\/05\/ChatGPT-Image-14-may-2026-22_20_14-1-300x300.png 300w, https:\/\/samanesonu.colegiolossamanes.edu.co\/wp-content\/uploads\/2026\/05\/ChatGPT-Image-14-may-2026-22_20_14-1-150x150.png 150w, https:\/\/samanesonu.colegiolossamanes.edu.co\/wp-content\/uploads\/2026\/05\/ChatGPT-Image-14-may-2026-22_20_14-1-768x768.png 768w, https:\/\/samanesonu.colegiolossamanes.edu.co\/wp-content\/uploads\/2026\/05\/ChatGPT-Image-14-may-2026-22_20_14-1.png 1254w\" sizes=\"auto, (max-width: 1024px) 100vw, 1024px\" \/><\/figure><\/div>\n\n\n<hr class=\"wp-block-separator has-alpha-channel-opacity is-style-wide\"\/>\n<\/div>\n\n\n\n<div class=\"wp-block-column is-layout-flow wp-block-column-is-layout-flow\">\n<p>\u00a1Bienvenidos a este espacio de aprendizaje activo! Este blog est\u00e1 dise\u00f1ado especialmente para ustedes, estudiantes del Colegio Los Samanes. Aqu\u00ed no memorizaremos leyes de forma aislada. Analizaremos casos reales, dilemas \u00e9ticos y situaciones cotidianas donde el Derecho y la Constituci\u00f3n cobran vida.<\/p>\n\n\n\n<p>El objetivo es doble. Primero, fortalecer su pensamiento cr\u00edtico para debatir con argumentos s\u00f3lidos sobre los Derechos Humanos y la estructura de nuestro Estado. Segundo, entrenar de manera pr\u00e1ctica las competencias ciudadanas clave que eval\u00faa la prueba Saber 11\u00b0 (ICFES). Prep\u00e1rense para asumir el rol de jueces, ciudadanos activos y transformadores de su entorno. <em><strong>\u00a1El poder de cambiar la sociedad empieza por comprender c\u00f3mo funciona!<\/strong><\/em><\/p>\n\n\n\n<hr class=\"wp-block-separator has-alpha-channel-opacity is-style-wide\"\/>\n<\/div>\n<\/div>\n\n\n\n<div class=\"wp-block-columns is-layout-flex wp-container-core-columns-is-layout-2 wp-block-columns-is-layout-flex\">\n<div class=\"wp-block-column is-layout-flow wp-block-column-is-layout-flow\"><div class=\"wp-block-image\">\n<figure class=\"aligncenter size-full is-resized\"><a href=\"https:\/\/samanesonu.colegiolossamanes.edu.co\/index.php\/2026\/05\/15\/fundamentacion-teorica-e-historica\/\" target=\"_blank\" rel=\"https:\/\/samanesonu.colegiolossamanes.edu.co\/index.php\/2026\/05\/15\/fundamentacion-teorica-e-historica\/ noreferrer noopener\"><img loading=\"lazy\" decoding=\"async\" width=\"508\" height=\"645\" src=\"https:\/\/samanesonu.colegiolossamanes.edu.co\/wp-content\/uploads\/2026\/05\/ChatGPT-Image-14-may-2026-22_55_52.jpg\" alt=\"\" class=\"wp-image-4076\" style=\"width:250px;height:auto\" srcset=\"https:\/\/samanesonu.colegiolossamanes.edu.co\/wp-content\/uploads\/2026\/05\/ChatGPT-Image-14-may-2026-22_55_52.jpg 508w, https:\/\/samanesonu.colegiolossamanes.edu.co\/wp-content\/uploads\/2026\/05\/ChatGPT-Image-14-may-2026-22_55_52-236x300.jpg 236w\" sizes=\"auto, (max-width: 508px) 100vw, 508px\" \/><\/a><figcaption class=\"wp-element-caption\">Ingresa a la imagen<\/figcaption><\/figure><\/div><\/div>\n\n\n\n<div class=\"wp-block-column is-layout-flow wp-block-column-is-layout-flow\"><div class=\"wp-block-image\">\n<figure class=\"aligncenter size-full is-resized\"><a href=\"https:\/\/samanesonu.colegiolossamanes.edu.co\/index.php\/2026\/05\/15\/repositorio-digital-de-ejercicios\/\" target=\"_blank\" rel=\" noreferrer noopener\"><img loading=\"lazy\" decoding=\"async\" width=\"504\" height=\"645\" src=\"https:\/\/samanesonu.colegiolossamanes.edu.co\/wp-content\/uploads\/2026\/05\/ChatGPT-Image-14-may-2026-22_55_52-1.jpg\" alt=\"\" class=\"wp-image-4077\" style=\"width:245px;height:auto\" srcset=\"https:\/\/samanesonu.colegiolossamanes.edu.co\/wp-content\/uploads\/2026\/05\/ChatGPT-Image-14-may-2026-22_55_52-1.jpg 504w, https:\/\/samanesonu.colegiolossamanes.edu.co\/wp-content\/uploads\/2026\/05\/ChatGPT-Image-14-may-2026-22_55_52-1-234x300.jpg 234w\" sizes=\"auto, (max-width: 504px) 100vw, 504px\" \/><\/a><figcaption class=\"wp-element-caption\">Ingresa a la imagen<\/figcaption><\/figure><\/div><\/div>\n\n\n\n<div class=\"wp-block-column is-layout-flow wp-block-column-is-layout-flow\"><div class=\"wp-block-image\">\n<figure class=\"aligncenter size-full is-resized\"><a href=\"https:\/\/samanesonu.colegiolossamanes.edu.co\/index.php\/2026\/05\/15\/wikilegal\/\" target=\"_blank\" rel=\" noreferrer noopener\"><img loading=\"lazy\" decoding=\"async\" width=\"516\" height=\"645\" src=\"https:\/\/samanesonu.colegiolossamanes.edu.co\/wp-content\/uploads\/2026\/05\/ChatGPT-Image-14-may-2026-22_55_52-2.jpg\" alt=\"\" class=\"wp-image-4078\" style=\"width:253px;height:auto\" srcset=\"https:\/\/samanesonu.colegiolossamanes.edu.co\/wp-content\/uploads\/2026\/05\/ChatGPT-Image-14-may-2026-22_55_52-2.jpg 516w, https:\/\/samanesonu.colegiolossamanes.edu.co\/wp-content\/uploads\/2026\/05\/ChatGPT-Image-14-may-2026-22_55_52-2-240x300.jpg 240w\" sizes=\"auto, (max-width: 516px) 100vw, 516px\" \/><\/a><figcaption class=\"wp-element-caption\">Ingresa a la imagen<\/figcaption><\/figure><\/div><\/div>\n<\/div>\n\n\n\n<hr class=\"wp-block-separator has-alpha-channel-opacity is-style-wide\"\/>\n\n\n\n<div class=\"wp-block-columns is-layout-flex wp-container-core-columns-is-layout-3 wp-block-columns-is-layout-flex\">\n<div class=\"wp-block-column is-layout-flow wp-block-column-is-layout-flow\"><div class=\"wp-block-image\">\n<figure class=\"aligncenter size-full is-resized\"><img loading=\"lazy\" decoding=\"async\" width=\"1024\" height=\"521\" src=\"https:\/\/samanesonu.colegiolossamanes.edu.co\/wp-content\/uploads\/2026\/05\/image.webp\" alt=\"La imagen tiene un atributo ALT vac\u00edo; su nombre de archivo es Estudios-Culturales-1-1024x521.png\" class=\"wp-image-4157\" style=\"width:276px;height:auto\" srcset=\"https:\/\/samanesonu.colegiolossamanes.edu.co\/wp-content\/uploads\/2026\/05\/image.webp 1024w, https:\/\/samanesonu.colegiolossamanes.edu.co\/wp-content\/uploads\/2026\/05\/image-300x153.webp 300w, https:\/\/samanesonu.colegiolossamanes.edu.co\/wp-content\/uploads\/2026\/05\/image-768x391.webp 768w\" sizes=\"auto, (max-width: 1024px) 100vw, 1024px\" \/><\/figure><\/div><\/div>\n\n\n\n<div class=\"wp-block-column is-layout-flow wp-block-column-is-layout-flow\">\n<p><\/p>\n\n\n\n<p class=\"has-text-align-center\"><strong>Escuela de Derecho<\/strong> es un proyecto del <strong>Centro de Estudios Culturales<\/strong> y del <strong>\u00c1rea de Ciencias Sociales<\/strong> del <strong>Colegio Los Samanes. <\/strong><\/p>\n<\/div>\n<\/div>\n\n\n\n<p><\/p>\n","protected":false},"excerpt":{"rendered":"<p>\u00a1Bienvenidos a este espacio de aprendizaje activo! Este blog est\u00e1 dise\u00f1ado especialmente para ustedes, estudiantes del Colegio Los Samanes. Aqu\u00ed no memorizaremos leyes de forma aislada. Analizaremos casos reales, dilemas \u00e9ticos y situaciones cotidianas donde el Derecho y la Constituci\u00f3n cobran vida. El objetivo es doble. Primero, fortalecer su pensamiento cr\u00edtico para debatir con argumentos&#8230;<\/p>\n","protected":false},"author":2,"featured_media":0,"parent":0,"menu_order":0,"comment_status":"closed","ping_status":"closed","template":"","meta":{"_kad_post_transparent":"","_kad_post_title":"","_kad_post_layout":"","_kad_post_sidebar_id":"","_kad_post_content_style":"","_kad_post_vertical_padding":"","_kad_post_feature":"","_kad_post_feature_position":"","_kad_post_header":false,"_kad_post_footer":false,"footnotes":""},"class_list":["post-3362","page","type-page","status-publish","hentry"],"_links":{"self":[{"href":"https:\/\/samanesonu.colegiolossamanes.edu.co\/index.php\/wp-json\/wp\/v2\/pages\/3362","targetHints":{"allow":["GET"]}}],"collection":[{"href":"https:\/\/samanesonu.colegiolossamanes.edu.co\/index.php\/wp-json\/wp\/v2\/pages"}],"about":[{"href":"https:\/\/samanesonu.colegiolossamanes.edu.co\/index.php\/wp-json\/wp\/v2\/types\/page"}],"author":[{"embeddable":true,"href":"https:\/\/samanesonu.colegiolossamanes.edu.co\/index.php\/wp-json\/wp\/v2\/users\/2"}],"replies":[{"embeddable":true,"href":"https:\/\/samanesonu.colegiolossamanes.edu.co\/index.php\/wp-json\/wp\/v2\/comments?post=3362"}],"version-history":[{"count":13,"href":"https:\/\/samanesonu.colegiolossamanes.edu.co\/index.php\/wp-json\/wp\/v2\/pages\/3362\/revisions"}],"predecessor-version":[{"id":4161,"href":"https:\/\/samanesonu.colegiolossamanes.edu.co\/index.php\/wp-json\/wp\/v2\/pages\/3362\/revisions\/4161"}],"wp:attachment":[{"href":"https:\/\/samanesonu.colegiolossamanes.edu.co\/index.php\/wp-json\/wp\/v2\/media?parent=3362"}],"curies":[{"name":"wp","href":"https:\/\/api.w.org\/{rel}","templated":true}]}}