{"id":2854,"date":"2025-04-03T17:09:25","date_gmt":"2025-04-03T17:09:25","guid":{"rendered":"https:\/\/samanesonu.colegiolossamanes.edu.co\/?page_id=2854"},"modified":"2025-04-21T20:38:09","modified_gmt":"2025-04-21T20:38:09","slug":"club-de-debate","status":"publish","type":"page","link":"https:\/\/samanesonu.colegiolossamanes.edu.co\/index.php\/club-de-debate\/","title":{"rendered":"Club de Debate"},"content":{"rendered":"\n<div class=\"wp-block-columns is-layout-flex wp-container-core-columns-is-layout-1 wp-block-columns-is-layout-flex\">\n<div class=\"wp-block-column is-layout-flow wp-block-column-is-layout-flow\">\n<p class=\"has-text-align-right\">El<strong> Club de Debate<\/strong> es un espacio acad\u00e9mico y formativo del Colegio Los Samanes que busca fortalecer las competencias comunicativas, argumentativas y cr\u00edticas de los estudiantes a trav\u00e9s de la pr\u00e1ctica del debate estructurado. Este club permite a sus integrantes explorar temas de inter\u00e9s local, nacional e internacional, desarrollando habilidades esenciales como la oratoria, la investigaci\u00f3n rigurosa, el pensamiento anal\u00edtico y la capacidad de refutaci\u00f3n con respeto y solvencia.<\/p>\n\n\n\n<p class=\"has-text-align-right\">A trav\u00e9s de sesiones peri\u00f3dicas, los miembros del club se preparan para intervenir en debates internos, encuentros intercolegiales y simulacros como <strong>SAMONU<\/strong>. El Club de Debate tambi\u00e9n funciona como semillero de l\u00edderes que podr\u00e1n asumir roles protag\u00f3nicos en comisiones de modelos de Naciones Unidas, en espacios de representaci\u00f3n estudiantil y en iniciativas de participaci\u00f3n ciudadana. <\/p>\n<\/div>\n\n\n\n<div class=\"wp-block-column is-layout-flow wp-block-column-is-layout-flow\"><div class=\"wp-block-image\">\n<figure class=\"aligncenter size-full is-resized\"><img loading=\"lazy\" decoding=\"async\" width=\"517\" height=\"514\" src=\"https:\/\/samanesonu.colegiolossamanes.edu.co\/wp-content\/uploads\/2025\/04\/Club-de-Debate-1-3.png\" alt=\"\" class=\"wp-image-2984\" style=\"width:370px;height:auto\" srcset=\"https:\/\/samanesonu.colegiolossamanes.edu.co\/wp-content\/uploads\/2025\/04\/Club-de-Debate-1-3.png 517w, https:\/\/samanesonu.colegiolossamanes.edu.co\/wp-content\/uploads\/2025\/04\/Club-de-Debate-1-3-300x298.png 300w, https:\/\/samanesonu.colegiolossamanes.edu.co\/wp-content\/uploads\/2025\/04\/Club-de-Debate-1-3-150x150.png 150w\" sizes=\"auto, (max-width: 517px) 100vw, 517px\" \/><\/figure><\/div><\/div>\n<\/div>\n\n\n\n<p>En cada encuentro se promueve un ambiente de di\u00e1logo respetuoso y colaborativo, donde el desacuerdo es una oportunidad para aprender y construir pensamiento colectivo. M\u00e1s all\u00e1 de sus fines acad\u00e9micos, el Club de Debate es un espacio de crecimiento personal. Aqu\u00ed los estudiantes desarrollan confianza en s\u00ed mismos, aprenden a escuchar activamente, a construir consensos y a valorar la diversidad de perspectivas. En coherencia con el proyecto pedag\u00f3gico del Colegio, el club promueve una formaci\u00f3n \u00e9tica y ciudadana comprometida con el ejercicio del pensamiento libre, informado y solidario.<\/p>\n\n\n\n<div class=\"wp-block-columns is-layout-flex wp-container-core-columns-is-layout-2 wp-block-columns-is-layout-flex\">\n<div class=\"wp-block-column is-layout-flow wp-block-column-is-layout-flow\"><div class=\"wp-block-image\">\n<figure class=\"aligncenter size-large is-resized\"><img loading=\"lazy\" decoding=\"async\" width=\"683\" height=\"1024\" src=\"https:\/\/samanesonu.colegiolossamanes.edu.co\/wp-content\/uploads\/2025\/04\/Maria-Alejanda-Sierra-Presidenta-Club-de-Debate-683x1024.jpg\" alt=\"\" class=\"wp-image-2990\" style=\"width:300px;height:auto\" srcset=\"https:\/\/samanesonu.colegiolossamanes.edu.co\/wp-content\/uploads\/2025\/04\/Maria-Alejanda-Sierra-Presidenta-Club-de-Debate-683x1024.jpg 683w, https:\/\/samanesonu.colegiolossamanes.edu.co\/wp-content\/uploads\/2025\/04\/Maria-Alejanda-Sierra-Presidenta-Club-de-Debate-200x300.jpg 200w, https:\/\/samanesonu.colegiolossamanes.edu.co\/wp-content\/uploads\/2025\/04\/Maria-Alejanda-Sierra-Presidenta-Club-de-Debate-768x1152.jpg 768w, https:\/\/samanesonu.colegiolossamanes.edu.co\/wp-content\/uploads\/2025\/04\/Maria-Alejanda-Sierra-Presidenta-Club-de-Debate-1024x1536.jpg 1024w, https:\/\/samanesonu.colegiolossamanes.edu.co\/wp-content\/uploads\/2025\/04\/Maria-Alejanda-Sierra-Presidenta-Club-de-Debate-1365x2048.jpg 1365w, https:\/\/samanesonu.colegiolossamanes.edu.co\/wp-content\/uploads\/2025\/04\/Maria-Alejanda-Sierra-Presidenta-Club-de-Debate-scaled.jpg 1707w\" sizes=\"auto, (max-width: 683px) 100vw, 683px\" \/><figcaption class=\"wp-element-caption\">Mar\u00eda Alejandra Sierra 11A<\/figcaption><\/figure><\/div><\/div>\n\n\n\n<div class=\"wp-block-column is-layout-flow wp-block-column-is-layout-flow\">\n<p><strong>Mar\u00eda Alejandra Sierra \u2014 L\u00edder del Club de Debate 2025<\/strong><\/p>\n\n\n\n<p>Mar\u00eda Alejandra Sierra, estudiante de grado 11A, lidera el Club de Debate del Colegio Los Samanes durante el a\u00f1o 2025 con un compromiso ejemplar y una visi\u00f3n transformadora. Su liderazgo no solo ha consolidado al club como un espacio activo y participativo, sino que tambi\u00e9n ha generado una din\u00e1mica de crecimiento intelectual y \u00e9tico entre sus integrantes. Gracias a su iniciativa, el club ha ampliado su alcance, fortaleciendo los procesos de formaci\u00f3n en oratoria, argumentaci\u00f3n cr\u00edtica y an\u00e1lisis de coyuntura.<\/p>\n\n\n\n<p>Desde los primeros meses del a\u00f1o, Mar\u00eda Alejandra asumi\u00f3 la responsabilidad de organizar el club, gestionar la participaci\u00f3n de estudiantes de distintos grados y proponer una agenda tem\u00e1tica coherente con los desaf\u00edos contempor\u00e1neos. Bajo su coordinaci\u00f3n, se han abordado debates sobre problem\u00e1ticas sociales, pol\u00edticas y ambientales, creando espacios de reflexi\u00f3n y aprendizaje colectivo que trascienden el aula. <\/p>\n<\/div>\n<\/div>\n\n\n\n<p>Su capacidad para motivar, escuchar y orientar ha hecho del club un semillero de j\u00f3venes l\u00edderes comprometidos con el di\u00e1logo y el pensamiento cr\u00edtico. La labor de Mar\u00eda Alejandra refleja no solo su talento acad\u00e9mico, sino tambi\u00e9n su vocaci\u00f3n por el servicio y su sensibilidad frente a los retos del mundo actual. Su paso por el Club de Debate deja una huella profunda en la comunidad samanea, marcando un precedente inspirador para las pr\u00f3ximas generaciones de estudiantes que encontrar\u00e1n en el debate una herramienta para transformar su entorno.<\/p>\n\n\n\n<div class=\"wp-block-columns is-layout-flex wp-container-core-columns-is-layout-3 wp-block-columns-is-layout-flex\">\n<div class=\"wp-block-column is-layout-flow wp-block-column-is-layout-flow\">\n<p><strong>Mariana Herrera \u2014 Fundadora del Club de Debate<\/strong><\/p>\n\n\n\n<p class=\"has-text-align-right\">El Club de Debate del Colegio Los Samanes tiene sus ra\u00edces en la visi\u00f3n y el esfuerzo de Mariana Herrera, estudiante de grado und\u00e9cimo en el a\u00f1o 2024, quien con determinaci\u00f3n y pasi\u00f3n sent\u00f3 las bases de este espacio formativo. Su iniciativa dio lugar a un proyecto que hoy impacta a estudiantes de distintos grados, fomentando la argumentaci\u00f3n, la escucha activa y el pensamiento cr\u00edtico como pilares de la formaci\u00f3n ciudadana.<\/p>\n\n\n\n<p class=\"has-text-align-right\">Mariana no solamente propuso la creaci\u00f3n del club, sino que lider\u00f3 su estructuraci\u00f3n inicial, consolid\u00f3 un grupo de estudiantes entusiastas y traz\u00f3 las primeras rutas tem\u00e1ticas para los encuentros. Su capacidad para motivar a otros, su sensibilidad frente a los debates actuales y su disposici\u00f3n para construir espacios de di\u00e1logo marcaron profundamente el esp\u00edritu del club. <\/p>\n<\/div>\n\n\n\n<div class=\"wp-block-column is-layout-flow wp-block-column-is-layout-flow\"><div class=\"wp-block-image\">\n<figure class=\"aligncenter size-large is-resized\"><img loading=\"lazy\" decoding=\"async\" width=\"683\" height=\"1024\" src=\"http:\/\/samanesonu.colegiolossamanes.edu.co\/wp-content\/uploads\/2024\/05\/6-1-683x1024.png\" alt=\"\" class=\"wp-image-1852\" style=\"width:259px;height:auto\" srcset=\"https:\/\/samanesonu.colegiolossamanes.edu.co\/wp-content\/uploads\/2024\/05\/6-1-683x1024.png 683w, https:\/\/samanesonu.colegiolossamanes.edu.co\/wp-content\/uploads\/2024\/05\/6-1-200x300.png 200w, https:\/\/samanesonu.colegiolossamanes.edu.co\/wp-content\/uploads\/2024\/05\/6-1-768x1152.png 768w, https:\/\/samanesonu.colegiolossamanes.edu.co\/wp-content\/uploads\/2024\/05\/6-1-1024x1536.png 1024w, https:\/\/samanesonu.colegiolossamanes.edu.co\/wp-content\/uploads\/2024\/05\/6-1-1366x2048.png 1366w\" sizes=\"auto, (max-width: 683px) 100vw, 683px\" \/><figcaption class=\"wp-element-caption\"><strong>Mariana Herrera<\/strong><\/figcaption><\/figure><\/div><\/div>\n<\/div>\n\n\n\n<p>Gracias a su liderazgo, el debate dej\u00f3 de ser una pr\u00e1ctica ocasional para convertirse en una herramienta pedag\u00f3gica constante dentro de la comunidad educativa. Reconocer a Mariana Herrera como fundadora del Club de Debate es tambi\u00e9n celebrar el poder de una idea bien encaminada, sostenida con trabajo y convicci\u00f3n. Su legado permanece en cada estudiante que toma la palabra, que argumenta con respeto y que cree, como ella, que el di\u00e1logo informado puede cambiar el mundo.<\/p>\n\n\n\n<hr class=\"wp-block-separator has-alpha-channel-opacity is-style-wide\"\/>\n\n\n\n<div class=\"wp-block-columns is-layout-flex wp-container-core-columns-is-layout-4 wp-block-columns-is-layout-flex\">\n<div class=\"wp-block-column is-layout-flow wp-block-column-is-layout-flow\"><div class=\"wp-block-image\">\n<figure class=\"aligncenter size-large\"><img loading=\"lazy\" decoding=\"async\" width=\"1024\" height=\"521\" src=\"https:\/\/samanesonu.colegiolossamanes.edu.co\/wp-content\/uploads\/2025\/04\/Estudios-Culturales-1-1024x521.png\" alt=\"\" class=\"wp-image-2995\" srcset=\"https:\/\/samanesonu.colegiolossamanes.edu.co\/wp-content\/uploads\/2025\/04\/Estudios-Culturales-1-1024x521.png 1024w, https:\/\/samanesonu.colegiolossamanes.edu.co\/wp-content\/uploads\/2025\/04\/Estudios-Culturales-1-300x153.png 300w, https:\/\/samanesonu.colegiolossamanes.edu.co\/wp-content\/uploads\/2025\/04\/Estudios-Culturales-1-768x391.png 768w, https:\/\/samanesonu.colegiolossamanes.edu.co\/wp-content\/uploads\/2025\/04\/Estudios-Culturales-1-1536x782.png 1536w, https:\/\/samanesonu.colegiolossamanes.edu.co\/wp-content\/uploads\/2025\/04\/Estudios-Culturales-1.png 1963w\" sizes=\"auto, (max-width: 1024px) 100vw, 1024px\" \/><\/figure><\/div><\/div>\n\n\n\n<div class=\"wp-block-column is-layout-flow wp-block-column-is-layout-flow\"><div class=\"wp-block-image\">\n<figure class=\"aligncenter size-large\"><img loading=\"lazy\" decoding=\"async\" width=\"1024\" height=\"438\" src=\"https:\/\/samanesonu.colegiolossamanes.edu.co\/wp-content\/uploads\/2025\/04\/Logo-area-de-sociales-1024x438.png\" alt=\"\" class=\"wp-image-2996\" srcset=\"https:\/\/samanesonu.colegiolossamanes.edu.co\/wp-content\/uploads\/2025\/04\/Logo-area-de-sociales-1024x438.png 1024w, https:\/\/samanesonu.colegiolossamanes.edu.co\/wp-content\/uploads\/2025\/04\/Logo-area-de-sociales-300x128.png 300w, https:\/\/samanesonu.colegiolossamanes.edu.co\/wp-content\/uploads\/2025\/04\/Logo-area-de-sociales-768x329.png 768w, https:\/\/samanesonu.colegiolossamanes.edu.co\/wp-content\/uploads\/2025\/04\/Logo-area-de-sociales-1536x658.png 1536w, https:\/\/samanesonu.colegiolossamanes.edu.co\/wp-content\/uploads\/2025\/04\/Logo-area-de-sociales-2048x877.png 2048w\" sizes=\"auto, (max-width: 1024px) 100vw, 1024px\" \/><\/figure><\/div><\/div>\n\n\n\n<div class=\"wp-block-column is-layout-flow wp-block-column-is-layout-flow\"><div class=\"wp-block-image\">\n<figure class=\"aligncenter size-full is-resized\"><img loading=\"lazy\" decoding=\"async\" width=\"517\" height=\"514\" src=\"https:\/\/samanesonu.colegiolossamanes.edu.co\/wp-content\/uploads\/2025\/04\/Club-de-Debate-1-4.png\" alt=\"\" class=\"wp-image-2997\" style=\"width:203px;height:auto\" srcset=\"https:\/\/samanesonu.colegiolossamanes.edu.co\/wp-content\/uploads\/2025\/04\/Club-de-Debate-1-4.png 517w, https:\/\/samanesonu.colegiolossamanes.edu.co\/wp-content\/uploads\/2025\/04\/Club-de-Debate-1-4-300x298.png 300w, https:\/\/samanesonu.colegiolossamanes.edu.co\/wp-content\/uploads\/2025\/04\/Club-de-Debate-1-4-150x150.png 150w\" sizes=\"auto, (max-width: 517px) 100vw, 517px\" \/><\/figure><\/div><\/div>\n<\/div>\n\n\n\n<hr class=\"wp-block-separator has-alpha-channel-opacity is-style-wide\"\/>\n","protected":false},"excerpt":{"rendered":"<p>El Club de Debate es un espacio acad\u00e9mico y formativo del Colegio Los Samanes que busca fortalecer las competencias comunicativas, argumentativas y cr\u00edticas de los estudiantes a trav\u00e9s de la pr\u00e1ctica del debate estructurado. Este club permite a sus integrantes explorar temas de inter\u00e9s local, nacional e internacional, desarrollando habilidades esenciales como la oratoria, la&#8230;<\/p>\n","protected":false},"author":2,"featured_media":0,"parent":0,"menu_order":0,"comment_status":"closed","ping_status":"closed","template":"","meta":{"_kad_post_transparent":"","_kad_post_title":"","_kad_post_layout":"","_kad_post_sidebar_id":"","_kad_post_content_style":"","_kad_post_vertical_padding":"","_kad_post_feature":"","_kad_post_feature_position":"","_kad_post_header":false,"_kad_post_footer":false,"footnotes":""},"class_list":["post-2854","page","type-page","status-publish","hentry"],"_links":{"self":[{"href":"https:\/\/samanesonu.colegiolossamanes.edu.co\/index.php\/wp-json\/wp\/v2\/pages\/2854","targetHints":{"allow":["GET"]}}],"collection":[{"href":"https:\/\/samanesonu.colegiolossamanes.edu.co\/index.php\/wp-json\/wp\/v2\/pages"}],"about":[{"href":"https:\/\/samanesonu.colegiolossamanes.edu.co\/index.php\/wp-json\/wp\/v2\/types\/page"}],"author":[{"embeddable":true,"href":"https:\/\/samanesonu.colegiolossamanes.edu.co\/index.php\/wp-json\/wp\/v2\/users\/2"}],"replies":[{"embeddable":true,"href":"https:\/\/samanesonu.colegiolossamanes.edu.co\/index.php\/wp-json\/wp\/v2\/comments?post=2854"}],"version-history":[{"count":9,"href":"https:\/\/samanesonu.colegiolossamanes.edu.co\/index.php\/wp-json\/wp\/v2\/pages\/2854\/revisions"}],"predecessor-version":[{"id":2998,"href":"https:\/\/samanesonu.colegiolossamanes.edu.co\/index.php\/wp-json\/wp\/v2\/pages\/2854\/revisions\/2998"}],"wp:attachment":[{"href":"https:\/\/samanesonu.colegiolossamanes.edu.co\/index.php\/wp-json\/wp\/v2\/media?parent=2854"}],"curies":[{"name":"wp","href":"https:\/\/api.w.org\/{rel}","templated":true}]}}