{"id":273,"date":"2022-02-18T16:43:40","date_gmt":"2022-02-18T16:43:40","guid":{"rendered":"https:\/\/samanesonu.colegiolossamanes.edu.co\/?page_id=273"},"modified":"2022-07-15T20:47:49","modified_gmt":"2022-07-15T20:47:49","slug":"samonu-2021","status":"publish","type":"page","link":"https:\/\/samanesonu.colegiolossamanes.edu.co\/index.php\/samonu-2021\/","title":{"rendered":"SAMONU 2021"},"content":{"rendered":"\n<p><strong>En el a\u00f1o 2021 SAMONU se desarroll\u00f3 durante tres d\u00edas consecutivos. <\/strong>Tuvimos una jornada de excelentes resultados y aprendizajes.<\/p>\n\n\n\n<div class=\"wp-block-columns is-layout-flex wp-container-core-columns-is-layout-1 wp-block-columns-is-layout-flex\">\n<div class=\"wp-block-column is-layout-flow wp-block-column-is-layout-flow\">\n<figure class=\"wp-block-embed is-type-video is-provider-youtube wp-block-embed-youtube wp-embed-aspect-16-9 wp-has-aspect-ratio\"><div class=\"wp-block-embed__wrapper\">\n<iframe loading=\"lazy\" title=\"\ud835\udde6\ud835\uddd4\ud835\udde0\ud835\udde2\ud835\udde1\ud835\udde8 2021 - Colegio Los Samanes\" width=\"720\" height=\"405\" src=\"https:\/\/www.youtube.com\/embed\/ZLPT23EKfDU?feature=oembed\" frameborder=\"0\" allow=\"accelerometer; autoplay; clipboard-write; encrypted-media; gyroscope; picture-in-picture; web-share\" allowfullscreen><\/iframe>\n<\/div><\/figure>\n\n\n\n<div style=\"height:20px\" aria-hidden=\"true\" class=\"wp-block-spacer\"><\/div>\n<\/div>\n\n\n\n<div class=\"wp-block-column is-layout-flow wp-block-column-is-layout-flow\">\n<figure class=\"wp-block-embed is-type-video is-provider-youtube wp-block-embed-youtube wp-embed-aspect-16-9 wp-has-aspect-ratio\"><div class=\"wp-block-embed__wrapper\">\n<iframe loading=\"lazy\" title=\"Bienvenida SAMONU 2021\" width=\"720\" height=\"405\" src=\"https:\/\/www.youtube.com\/embed\/RyJ69JUjJ6c?feature=oembed\" frameborder=\"0\" allow=\"accelerometer; autoplay; clipboard-write; encrypted-media; gyroscope; picture-in-picture; web-share\" allowfullscreen><\/iframe>\n<\/div><\/figure>\n\n\n\n<div style=\"height:20px\" aria-hidden=\"true\" class=\"wp-block-spacer\"><\/div>\n<\/div>\n<\/div>\n\n\n\n<figure class=\"wp-block-gallery has-nested-images columns-default is-cropped wp-block-gallery-1 is-layout-flex wp-block-gallery-is-layout-flex\">\n<figure class=\"wp-block-image size-large\"><img loading=\"lazy\" decoding=\"async\" width=\"1024\" height=\"723\" data-id=\"276\" src=\"https:\/\/samanesonu.colegiolossamanes.edu.co\/wp-content\/uploads\/2022\/02\/2021-1-1024x723.jpg\" alt=\"\" class=\"wp-image-276\" srcset=\"https:\/\/samanesonu.colegiolossamanes.edu.co\/wp-content\/uploads\/2022\/02\/2021-1-1024x723.jpg 1024w, https:\/\/samanesonu.colegiolossamanes.edu.co\/wp-content\/uploads\/2022\/02\/2021-1-300x212.jpg 300w, https:\/\/samanesonu.colegiolossamanes.edu.co\/wp-content\/uploads\/2022\/02\/2021-1-768x542.jpg 768w, https:\/\/samanesonu.colegiolossamanes.edu.co\/wp-content\/uploads\/2022\/02\/2021-1-1536x1084.jpg 1536w, https:\/\/samanesonu.colegiolossamanes.edu.co\/wp-content\/uploads\/2022\/02\/2021-1.jpg 2048w\" sizes=\"auto, (max-width: 1024px) 100vw, 1024px\" \/><\/figure>\n\n\n\n<figure class=\"wp-block-image size-large\"><img loading=\"lazy\" decoding=\"async\" width=\"1024\" height=\"683\" data-id=\"279\" src=\"https:\/\/samanesonu.colegiolossamanes.edu.co\/wp-content\/uploads\/2022\/02\/2021-2-1024x683.jpg\" alt=\"\" class=\"wp-image-279\" srcset=\"https:\/\/samanesonu.colegiolossamanes.edu.co\/wp-content\/uploads\/2022\/02\/2021-2-1024x683.jpg 1024w, https:\/\/samanesonu.colegiolossamanes.edu.co\/wp-content\/uploads\/2022\/02\/2021-2-300x200.jpg 300w, https:\/\/samanesonu.colegiolossamanes.edu.co\/wp-content\/uploads\/2022\/02\/2021-2-768x512.jpg 768w, https:\/\/samanesonu.colegiolossamanes.edu.co\/wp-content\/uploads\/2022\/02\/2021-2-1536x1024.jpg 1536w, https:\/\/samanesonu.colegiolossamanes.edu.co\/wp-content\/uploads\/2022\/02\/2021-2.jpg 2048w\" sizes=\"auto, (max-width: 1024px) 100vw, 1024px\" \/><\/figure>\n\n\n\n<figure class=\"wp-block-image size-large\"><img loading=\"lazy\" decoding=\"async\" width=\"1024\" height=\"723\" data-id=\"280\" src=\"https:\/\/samanesonu.colegiolossamanes.edu.co\/wp-content\/uploads\/2022\/02\/2021-3-1024x723.jpg\" alt=\"\" class=\"wp-image-280\" srcset=\"https:\/\/samanesonu.colegiolossamanes.edu.co\/wp-content\/uploads\/2022\/02\/2021-3-1024x723.jpg 1024w, https:\/\/samanesonu.colegiolossamanes.edu.co\/wp-content\/uploads\/2022\/02\/2021-3-300x212.jpg 300w, https:\/\/samanesonu.colegiolossamanes.edu.co\/wp-content\/uploads\/2022\/02\/2021-3-768x542.jpg 768w, https:\/\/samanesonu.colegiolossamanes.edu.co\/wp-content\/uploads\/2022\/02\/2021-3-1536x1084.jpg 1536w, https:\/\/samanesonu.colegiolossamanes.edu.co\/wp-content\/uploads\/2022\/02\/2021-3.jpg 2048w\" sizes=\"auto, (max-width: 1024px) 100vw, 1024px\" \/><\/figure>\n\n\n\n<figure class=\"wp-block-image size-large\"><img loading=\"lazy\" decoding=\"async\" width=\"1024\" height=\"723\" data-id=\"278\" src=\"https:\/\/samanesonu.colegiolossamanes.edu.co\/wp-content\/uploads\/2022\/02\/2021-4-1024x723.jpg\" alt=\"\" class=\"wp-image-278\" srcset=\"https:\/\/samanesonu.colegiolossamanes.edu.co\/wp-content\/uploads\/2022\/02\/2021-4-1024x723.jpg 1024w, https:\/\/samanesonu.colegiolossamanes.edu.co\/wp-content\/uploads\/2022\/02\/2021-4-300x212.jpg 300w, https:\/\/samanesonu.colegiolossamanes.edu.co\/wp-content\/uploads\/2022\/02\/2021-4-768x542.jpg 768w, https:\/\/samanesonu.colegiolossamanes.edu.co\/wp-content\/uploads\/2022\/02\/2021-4-1536x1084.jpg 1536w, https:\/\/samanesonu.colegiolossamanes.edu.co\/wp-content\/uploads\/2022\/02\/2021-4.jpg 2048w\" sizes=\"auto, (max-width: 1024px) 100vw, 1024px\" \/><\/figure>\n\n\n\n<figure class=\"wp-block-image size-large\"><img loading=\"lazy\" decoding=\"async\" width=\"1024\" height=\"683\" data-id=\"274\" src=\"https:\/\/samanesonu.colegiolossamanes.edu.co\/wp-content\/uploads\/2022\/02\/2021-5-1024x683.jpg\" alt=\"\" class=\"wp-image-274\" srcset=\"https:\/\/samanesonu.colegiolossamanes.edu.co\/wp-content\/uploads\/2022\/02\/2021-5-1024x683.jpg 1024w, https:\/\/samanesonu.colegiolossamanes.edu.co\/wp-content\/uploads\/2022\/02\/2021-5-300x200.jpg 300w, https:\/\/samanesonu.colegiolossamanes.edu.co\/wp-content\/uploads\/2022\/02\/2021-5-768x512.jpg 768w, https:\/\/samanesonu.colegiolossamanes.edu.co\/wp-content\/uploads\/2022\/02\/2021-5-1536x1024.jpg 1536w, https:\/\/samanesonu.colegiolossamanes.edu.co\/wp-content\/uploads\/2022\/02\/2021-5.jpg 2048w\" sizes=\"auto, (max-width: 1024px) 100vw, 1024px\" \/><\/figure>\n\n\n\n<figure class=\"wp-block-image size-large\"><img loading=\"lazy\" decoding=\"async\" width=\"1024\" height=\"723\" data-id=\"277\" src=\"https:\/\/samanesonu.colegiolossamanes.edu.co\/wp-content\/uploads\/2022\/02\/2021-6-1024x723.jpg\" alt=\"\" class=\"wp-image-277\" srcset=\"https:\/\/samanesonu.colegiolossamanes.edu.co\/wp-content\/uploads\/2022\/02\/2021-6-1024x723.jpg 1024w, https:\/\/samanesonu.colegiolossamanes.edu.co\/wp-content\/uploads\/2022\/02\/2021-6-300x212.jpg 300w, https:\/\/samanesonu.colegiolossamanes.edu.co\/wp-content\/uploads\/2022\/02\/2021-6-768x542.jpg 768w, https:\/\/samanesonu.colegiolossamanes.edu.co\/wp-content\/uploads\/2022\/02\/2021-6-1536x1084.jpg 1536w, https:\/\/samanesonu.colegiolossamanes.edu.co\/wp-content\/uploads\/2022\/02\/2021-6.jpg 2048w\" sizes=\"auto, (max-width: 1024px) 100vw, 1024px\" \/><\/figure>\n\n\n\n<figure class=\"wp-block-image size-large\"><img loading=\"lazy\" decoding=\"async\" width=\"1024\" height=\"723\" data-id=\"275\" src=\"https:\/\/samanesonu.colegiolossamanes.edu.co\/wp-content\/uploads\/2022\/02\/2021-7-1024x723.jpg\" alt=\"\" class=\"wp-image-275\" srcset=\"https:\/\/samanesonu.colegiolossamanes.edu.co\/wp-content\/uploads\/2022\/02\/2021-7-1024x723.jpg 1024w, https:\/\/samanesonu.colegiolossamanes.edu.co\/wp-content\/uploads\/2022\/02\/2021-7-300x212.jpg 300w, https:\/\/samanesonu.colegiolossamanes.edu.co\/wp-content\/uploads\/2022\/02\/2021-7-768x542.jpg 768w, https:\/\/samanesonu.colegiolossamanes.edu.co\/wp-content\/uploads\/2022\/02\/2021-7-1536x1084.jpg 1536w, https:\/\/samanesonu.colegiolossamanes.edu.co\/wp-content\/uploads\/2022\/02\/2021-7.jpg 2048w\" sizes=\"auto, (max-width: 1024px) 100vw, 1024px\" \/><\/figure>\n<\/figure>\n\n\n\n<p><\/p>\n\n\n\n<p><\/p>\n","protected":false},"excerpt":{"rendered":"<p>En el a\u00f1o 2021 SAMONU se desarroll\u00f3 durante tres d\u00edas consecutivos. Tuvimos una jornada de excelentes resultados y aprendizajes.<\/p>\n","protected":false},"author":2,"featured_media":0,"parent":0,"menu_order":0,"comment_status":"closed","ping_status":"closed","template":"","meta":{"_kad_post_transparent":"","_kad_post_title":"","_kad_post_layout":"","_kad_post_sidebar_id":"","_kad_post_content_style":"","_kad_post_vertical_padding":"","_kad_post_feature":"","_kad_post_feature_position":"","_kad_post_header":false,"_kad_post_footer":false,"footnotes":""},"class_list":["post-273","page","type-page","status-publish","hentry"],"_links":{"self":[{"href":"https:\/\/samanesonu.colegiolossamanes.edu.co\/index.php\/wp-json\/wp\/v2\/pages\/273","targetHints":{"allow":["GET"]}}],"collection":[{"href":"https:\/\/samanesonu.colegiolossamanes.edu.co\/index.php\/wp-json\/wp\/v2\/pages"}],"about":[{"href":"https:\/\/samanesonu.colegiolossamanes.edu.co\/index.php\/wp-json\/wp\/v2\/types\/page"}],"author":[{"embeddable":true,"href":"https:\/\/samanesonu.colegiolossamanes.edu.co\/index.php\/wp-json\/wp\/v2\/users\/2"}],"replies":[{"embeddable":true,"href":"https:\/\/samanesonu.colegiolossamanes.edu.co\/index.php\/wp-json\/wp\/v2\/comments?post=273"}],"version-history":[{"count":4,"href":"https:\/\/samanesonu.colegiolossamanes.edu.co\/index.php\/wp-json\/wp\/v2\/pages\/273\/revisions"}],"predecessor-version":[{"id":384,"href":"https:\/\/samanesonu.colegiolossamanes.edu.co\/index.php\/wp-json\/wp\/v2\/pages\/273\/revisions\/384"}],"wp:attachment":[{"href":"https:\/\/samanesonu.colegiolossamanes.edu.co\/index.php\/wp-json\/wp\/v2\/media?parent=273"}],"curies":[{"name":"wp","href":"https:\/\/api.w.org\/{rel}","templated":true}]}}