{"id":264,"date":"2022-02-18T15:55:48","date_gmt":"2022-02-18T15:55:48","guid":{"rendered":"https:\/\/samanesonu.colegiolossamanes.edu.co\/?page_id=264"},"modified":"2022-07-15T20:47:30","modified_gmt":"2022-07-15T20:47:30","slug":"samonu-2022","status":"publish","type":"page","link":"https:\/\/samanesonu.colegiolossamanes.edu.co\/index.php\/samonu-2022\/","title":{"rendered":"SAMONU 2020"},"content":{"rendered":"\n<p><strong>Durante el a\u00f1o 2020 el&nbsp;Colegio&nbsp;Los Samanes&nbsp;no realiz\u00f3 su simulacro de las&nbsp;Naciones Unidas<\/strong>&nbsp;por tratarse del a\u00f1o de la pandemia provocada por el&nbsp;Covid &#8211; 19, en ese sentido, la salud f\u00edsica y mental de nuestros estudiantes juega un rol fundamental para la instituci\u00f3n, por lo que se tom\u00f3 la decisi\u00f3n&nbsp;de no sobrecargarlos con actividades y proyectos de tanto rigor, por ejemplo, el de crear una simulaci\u00f3n virtual. <\/p>\n\n\n\n<p>A pesar&nbsp;de las dificultades, <strong>el Colegio&nbsp;Aspaen Yuman\u00e1&nbsp;de la ciudad de Neiva, Huila, invit\u00f3 a varios de nuestros estudiantes, quienes lograron sobresalir en cada una de sus comisiones&nbsp;gracias a su importante liderazgo<\/strong> y desarrollo de habilidades y competencias discursivas, \u00a1todo un logro!<\/p>\n\n\n\n<figure class=\"wp-block-gallery has-nested-images columns-default is-cropped wp-block-gallery-1 is-layout-flex wp-block-gallery-is-layout-flex\">\n<figure class=\"wp-block-image size-full\"><img loading=\"lazy\" decoding=\"async\" width=\"444\" height=\"794\" data-id=\"265\" src=\"https:\/\/samanesonu.colegiolossamanes.edu.co\/wp-content\/uploads\/2022\/02\/2020-4.png\" alt=\"\" class=\"wp-image-265\" srcset=\"https:\/\/samanesonu.colegiolossamanes.edu.co\/wp-content\/uploads\/2022\/02\/2020-4.png 444w, https:\/\/samanesonu.colegiolossamanes.edu.co\/wp-content\/uploads\/2022\/02\/2020-4-168x300.png 168w\" sizes=\"auto, (max-width: 444px) 100vw, 444px\" \/><\/figure>\n\n\n\n<figure class=\"wp-block-image size-large\"><img loading=\"lazy\" decoding=\"async\" width=\"596\" height=\"796\" data-id=\"266\" src=\"https:\/\/samanesonu.colegiolossamanes.edu.co\/wp-content\/uploads\/2022\/02\/2020-2.png\" alt=\"\" class=\"wp-image-266\" srcset=\"https:\/\/samanesonu.colegiolossamanes.edu.co\/wp-content\/uploads\/2022\/02\/2020-2.png 596w, https:\/\/samanesonu.colegiolossamanes.edu.co\/wp-content\/uploads\/2022\/02\/2020-2-225x300.png 225w\" sizes=\"auto, (max-width: 596px) 100vw, 596px\" \/><\/figure>\n\n\n\n<figure class=\"wp-block-image size-large\"><img loading=\"lazy\" decoding=\"async\" width=\"1024\" height=\"610\" data-id=\"268\" src=\"https:\/\/samanesonu.colegiolossamanes.edu.co\/wp-content\/uploads\/2022\/02\/2020-3-1024x610.png\" alt=\"\" class=\"wp-image-268\" srcset=\"https:\/\/samanesonu.colegiolossamanes.edu.co\/wp-content\/uploads\/2022\/02\/2020-3-1024x610.png 1024w, https:\/\/samanesonu.colegiolossamanes.edu.co\/wp-content\/uploads\/2022\/02\/2020-3-300x179.png 300w, https:\/\/samanesonu.colegiolossamanes.edu.co\/wp-content\/uploads\/2022\/02\/2020-3-768x458.png 768w, https:\/\/samanesonu.colegiolossamanes.edu.co\/wp-content\/uploads\/2022\/02\/2020-3.png 1275w\" sizes=\"auto, (max-width: 1024px) 100vw, 1024px\" \/><\/figure>\n\n\n\n<figure class=\"wp-block-image size-full\"><img loading=\"lazy\" decoding=\"async\" width=\"911\" height=\"679\" data-id=\"267\" src=\"https:\/\/samanesonu.colegiolossamanes.edu.co\/wp-content\/uploads\/2022\/02\/2020.png\" alt=\"\" class=\"wp-image-267\" srcset=\"https:\/\/samanesonu.colegiolossamanes.edu.co\/wp-content\/uploads\/2022\/02\/2020.png 911w, https:\/\/samanesonu.colegiolossamanes.edu.co\/wp-content\/uploads\/2022\/02\/2020-300x224.png 300w, https:\/\/samanesonu.colegiolossamanes.edu.co\/wp-content\/uploads\/2022\/02\/2020-768x572.png 768w\" sizes=\"auto, (max-width: 911px) 100vw, 911px\" \/><\/figure>\n<\/figure>\n","protected":false},"excerpt":{"rendered":"<p>Durante el a\u00f1o 2020 el&nbsp;Colegio&nbsp;Los Samanes&nbsp;no realiz\u00f3 su simulacro de las&nbsp;Naciones Unidas&nbsp;por tratarse del a\u00f1o de la pandemia provocada por el&nbsp;Covid &#8211; 19, en ese sentido, la salud f\u00edsica y mental de nuestros estudiantes juega un rol fundamental para la instituci\u00f3n, por lo que se tom\u00f3 la decisi\u00f3n&nbsp;de no sobrecargarlos con actividades y proyectos de&#8230;<\/p>\n","protected":false},"author":2,"featured_media":0,"parent":0,"menu_order":0,"comment_status":"closed","ping_status":"closed","template":"","meta":{"_kad_post_transparent":"","_kad_post_title":"","_kad_post_layout":"","_kad_post_sidebar_id":"","_kad_post_content_style":"","_kad_post_vertical_padding":"","_kad_post_feature":"","_kad_post_feature_position":"","_kad_post_header":false,"_kad_post_footer":false,"footnotes":""},"class_list":["post-264","page","type-page","status-publish","hentry"],"_links":{"self":[{"href":"https:\/\/samanesonu.colegiolossamanes.edu.co\/index.php\/wp-json\/wp\/v2\/pages\/264","targetHints":{"allow":["GET"]}}],"collection":[{"href":"https:\/\/samanesonu.colegiolossamanes.edu.co\/index.php\/wp-json\/wp\/v2\/pages"}],"about":[{"href":"https:\/\/samanesonu.colegiolossamanes.edu.co\/index.php\/wp-json\/wp\/v2\/types\/page"}],"author":[{"embeddable":true,"href":"https:\/\/samanesonu.colegiolossamanes.edu.co\/index.php\/wp-json\/wp\/v2\/users\/2"}],"replies":[{"embeddable":true,"href":"https:\/\/samanesonu.colegiolossamanes.edu.co\/index.php\/wp-json\/wp\/v2\/comments?post=264"}],"version-history":[{"count":6,"href":"https:\/\/samanesonu.colegiolossamanes.edu.co\/index.php\/wp-json\/wp\/v2\/pages\/264\/revisions"}],"predecessor-version":[{"id":472,"href":"https:\/\/samanesonu.colegiolossamanes.edu.co\/index.php\/wp-json\/wp\/v2\/pages\/264\/revisions\/472"}],"wp:attachment":[{"href":"https:\/\/samanesonu.colegiolossamanes.edu.co\/index.php\/wp-json\/wp\/v2\/media?parent=264"}],"curies":[{"name":"wp","href":"https:\/\/api.w.org\/{rel}","templated":true}]}}