{"id":260,"date":"2022-02-18T15:48:40","date_gmt":"2022-02-18T15:48:40","guid":{"rendered":"https:\/\/samanesonu.colegiolossamanes.edu.co\/?page_id=260"},"modified":"2022-07-15T20:47:18","modified_gmt":"2022-07-15T20:47:18","slug":"samonu-2019","status":"publish","type":"page","link":"https:\/\/samanesonu.colegiolossamanes.edu.co\/index.php\/samonu-2019\/","title":{"rendered":"SAMONU 2019"},"content":{"rendered":"\n<p><strong>En el a\u00f1o 2019 continuamos evolucionando con el Simulcro de las Naciones Unidas <\/strong>en el Colegio Los Samanes, a continuaci\u00f3n algunas memorias de este a\u00f1o.<\/p>\n\n\n\n<div class=\"wp-block-columns is-layout-flex wp-container-core-columns-is-layout-1 wp-block-columns-is-layout-flex\">\n<div class=\"wp-block-column is-layout-flow wp-block-column-is-layout-flow\">\n<figure class=\"wp-block-embed is-type-video is-provider-youtube wp-block-embed-youtube wp-embed-aspect-16-9 wp-has-aspect-ratio\"><div class=\"wp-block-embed__wrapper\">\n<iframe loading=\"lazy\" title=\"II Simulacro de las Naciones Unidas - SAMONU 2019\" width=\"720\" height=\"405\" src=\"https:\/\/www.youtube.com\/embed\/taUke-e2QyU?feature=oembed\" frameborder=\"0\" allow=\"accelerometer; autoplay; clipboard-write; encrypted-media; gyroscope; picture-in-picture\" allowfullscreen><\/iframe>\n<\/div><\/figure>\n\n\n\n<div style=\"height:20px\" aria-hidden=\"true\" class=\"wp-block-spacer\"><\/div>\n<\/div>\n\n\n\n<div class=\"wp-block-column is-layout-flow wp-block-column-is-layout-flow\">\n<figure class=\"wp-block-embed is-type-video is-provider-youtube wp-block-embed-youtube wp-embed-aspect-16-9 wp-has-aspect-ratio\"><div class=\"wp-block-embed__wrapper\">\n<iframe loading=\"lazy\" title=\"SAMONU 2019 Simulacro de las Naciones Unidas\" width=\"720\" height=\"405\" src=\"https:\/\/www.youtube.com\/embed\/ItzZpGD8JkE?feature=oembed\" frameborder=\"0\" allow=\"accelerometer; autoplay; clipboard-write; encrypted-media; gyroscope; picture-in-picture\" allowfullscreen><\/iframe>\n<\/div><\/figure>\n\n\n\n<div style=\"height:20px\" aria-hidden=\"true\" class=\"wp-block-spacer\"><\/div>\n<\/div>\n<\/div>\n\n\n\n<p><\/p>\n","protected":false},"excerpt":{"rendered":"<p>En el a\u00f1o 2019 continuamos evolucionando con el Simulcro de las Naciones Unidas en el Colegio Los Samanes, a continuaci\u00f3n algunas memorias de este a\u00f1o.<\/p>\n","protected":false},"author":2,"featured_media":0,"parent":0,"menu_order":0,"comment_status":"closed","ping_status":"closed","template":"","meta":{"_kad_post_transparent":"","_kad_post_title":"","_kad_post_layout":"","_kad_post_sidebar_id":"","_kad_post_content_style":"","_kad_post_vertical_padding":"","_kad_post_feature":"","_kad_post_feature_position":"","_kad_post_header":false,"_kad_post_footer":false,"footnotes":""},"class_list":["post-260","page","type-page","status-publish","hentry"],"_links":{"self":[{"href":"https:\/\/samanesonu.colegiolossamanes.edu.co\/index.php\/wp-json\/wp\/v2\/pages\/260","targetHints":{"allow":["GET"]}}],"collection":[{"href":"https:\/\/samanesonu.colegiolossamanes.edu.co\/index.php\/wp-json\/wp\/v2\/pages"}],"about":[{"href":"https:\/\/samanesonu.colegiolossamanes.edu.co\/index.php\/wp-json\/wp\/v2\/types\/page"}],"author":[{"embeddable":true,"href":"https:\/\/samanesonu.colegiolossamanes.edu.co\/index.php\/wp-json\/wp\/v2\/users\/2"}],"replies":[{"embeddable":true,"href":"https:\/\/samanesonu.colegiolossamanes.edu.co\/index.php\/wp-json\/wp\/v2\/comments?post=260"}],"version-history":[{"count":3,"href":"https:\/\/samanesonu.colegiolossamanes.edu.co\/index.php\/wp-json\/wp\/v2\/pages\/260\/revisions"}],"predecessor-version":[{"id":347,"href":"https:\/\/samanesonu.colegiolossamanes.edu.co\/index.php\/wp-json\/wp\/v2\/pages\/260\/revisions\/347"}],"wp:attachment":[{"href":"https:\/\/samanesonu.colegiolossamanes.edu.co\/index.php\/wp-json\/wp\/v2\/media?parent=260"}],"curies":[{"name":"wp","href":"https:\/\/api.w.org\/{rel}","templated":true}]}}