{"id":1523,"date":"2023-10-02T20:20:19","date_gmt":"2023-10-02T20:20:19","guid":{"rendered":"https:\/\/samanesonu.colegiolossamanes.edu.co\/?page_id=1523"},"modified":"2024-04-07T23:22:51","modified_gmt":"2024-04-07T23:22:51","slug":"samonu-2023","status":"publish","type":"page","link":"https:\/\/samanesonu.colegiolossamanes.edu.co\/index.php\/samonu-2023\/","title":{"rendered":"SAMONU 2023"},"content":{"rendered":"\n<p>Para este a\u00f1o se ampli\u00f3 el ejercicio trabajando junto al colegio Santa Teresa de Jes\u00fas y otras 8 instituciones de Ibagu\u00e9; Es importante resaltar que para esta sexta edici\u00f3n del evento se quiso realizar en el Hotel Internacional Casa Morales con un excelente dise\u00f1o de log\u00edstica, desarrollando un ejercicio acad\u00e9mico enfocado en la oratoria, el pensamiento cr\u00edtico, el multiperspectivismo, el pensamiento social, el pensamiento reflexivo y sistem\u00e1tico, entre otros. A continuaci\u00f3n, algunas memorias del evento.<\/p>\n\n\n\n<figure class=\"wp-block-video\"><video controls src=\"https:\/\/samanesonu.colegiolossamanes.edu.co\/wp-content\/uploads\/2024\/04\/trim.999CB5EA-AC7A-4444-BEA2-0C91FEFBE62A-1.mov\"><\/video><\/figure>\n\n\n\n<div class=\"wp-block-columns is-layout-flex wp-container-core-columns-is-layout-1 wp-block-columns-is-layout-flex\">\n<div class=\"wp-block-column is-layout-flow wp-block-column-is-layout-flow\">\n<figure class=\"wp-block-gallery has-nested-images columns-default is-cropped wp-block-gallery-1 is-layout-flex wp-block-gallery-is-layout-flex\">\n<figure class=\"wp-block-image size-large\"><img loading=\"lazy\" decoding=\"async\" width=\"1024\" height=\"517\" src=\"https:\/\/samanesonu.colegiolossamanes.edu.co\/wp-content\/uploads\/2024\/04\/WhatsApp-Image-2024-04-05-at-9.09.46-AM-5-1024x517.jpeg\" alt=\"\" class=\"wp-image-1548\" srcset=\"https:\/\/samanesonu.colegiolossamanes.edu.co\/wp-content\/uploads\/2024\/04\/WhatsApp-Image-2024-04-05-at-9.09.46-AM-5-1024x517.jpeg 1024w, https:\/\/samanesonu.colegiolossamanes.edu.co\/wp-content\/uploads\/2024\/04\/WhatsApp-Image-2024-04-05-at-9.09.46-AM-5-300x151.jpeg 300w, https:\/\/samanesonu.colegiolossamanes.edu.co\/wp-content\/uploads\/2024\/04\/WhatsApp-Image-2024-04-05-at-9.09.46-AM-5-768x388.jpeg 768w, https:\/\/samanesonu.colegiolossamanes.edu.co\/wp-content\/uploads\/2024\/04\/WhatsApp-Image-2024-04-05-at-9.09.46-AM-5.jpeg 1280w\" sizes=\"auto, (max-width: 1024px) 100vw, 1024px\" \/><\/figure>\n<\/figure>\n<\/div>\n\n\n\n<div class=\"wp-block-column is-layout-flow wp-block-column-is-layout-flow\">\n<figure class=\"wp-block-gallery has-nested-images columns-default is-cropped wp-block-gallery-2 is-layout-flex wp-block-gallery-is-layout-flex\">\n<figure class=\"wp-block-image size-large\"><img loading=\"lazy\" decoding=\"async\" width=\"1024\" height=\"569\" src=\"https:\/\/samanesonu.colegiolossamanes.edu.co\/wp-content\/uploads\/2024\/04\/WhatsApp-Image-2024-04-05-at-9.09.46-AM-2-1024x569.jpeg\" alt=\"\" class=\"wp-image-1549\" srcset=\"https:\/\/samanesonu.colegiolossamanes.edu.co\/wp-content\/uploads\/2024\/04\/WhatsApp-Image-2024-04-05-at-9.09.46-AM-2-1024x569.jpeg 1024w, https:\/\/samanesonu.colegiolossamanes.edu.co\/wp-content\/uploads\/2024\/04\/WhatsApp-Image-2024-04-05-at-9.09.46-AM-2-300x167.jpeg 300w, https:\/\/samanesonu.colegiolossamanes.edu.co\/wp-content\/uploads\/2024\/04\/WhatsApp-Image-2024-04-05-at-9.09.46-AM-2-768x426.jpeg 768w, https:\/\/samanesonu.colegiolossamanes.edu.co\/wp-content\/uploads\/2024\/04\/WhatsApp-Image-2024-04-05-at-9.09.46-AM-2.jpeg 1277w\" sizes=\"auto, (max-width: 1024px) 100vw, 1024px\" \/><\/figure>\n<\/figure>\n<\/div>\n\n\n\n<div class=\"wp-block-column is-layout-flow wp-block-column-is-layout-flow\">\n<figure class=\"wp-block-image size-large\"><img loading=\"lazy\" decoding=\"async\" width=\"1024\" height=\"577\" src=\"https:\/\/samanesonu.colegiolossamanes.edu.co\/wp-content\/uploads\/2024\/04\/WhatsApp-Image-2024-04-05-at-9.09.46-AM-3-1024x577.jpeg\" alt=\"\" class=\"wp-image-1552\" srcset=\"https:\/\/samanesonu.colegiolossamanes.edu.co\/wp-content\/uploads\/2024\/04\/WhatsApp-Image-2024-04-05-at-9.09.46-AM-3-1024x577.jpeg 1024w, https:\/\/samanesonu.colegiolossamanes.edu.co\/wp-content\/uploads\/2024\/04\/WhatsApp-Image-2024-04-05-at-9.09.46-AM-3-300x169.jpeg 300w, https:\/\/samanesonu.colegiolossamanes.edu.co\/wp-content\/uploads\/2024\/04\/WhatsApp-Image-2024-04-05-at-9.09.46-AM-3-768x433.jpeg 768w, https:\/\/samanesonu.colegiolossamanes.edu.co\/wp-content\/uploads\/2024\/04\/WhatsApp-Image-2024-04-05-at-9.09.46-AM-3.jpeg 1273w\" sizes=\"auto, (max-width: 1024px) 100vw, 1024px\" \/><\/figure>\n<\/div>\n<\/div>\n\n\n\n<div class=\"wp-block-columns is-layout-flex wp-container-core-columns-is-layout-2 wp-block-columns-is-layout-flex\">\n<div class=\"wp-block-column is-layout-flow wp-block-column-is-layout-flow\">\n<figure class=\"wp-block-gallery has-nested-images columns-default is-cropped wp-block-gallery-3 is-layout-flex wp-block-gallery-is-layout-flex\">\n<figure class=\"wp-block-image size-large\"><img loading=\"lazy\" decoding=\"async\" width=\"1024\" height=\"582\" src=\"https:\/\/samanesonu.colegiolossamanes.edu.co\/wp-content\/uploads\/2024\/04\/WhatsApp-Image-2024-04-05-at-9.09.46-AM-4-1-1024x582.jpeg\" alt=\"\" class=\"wp-image-1557\" srcset=\"https:\/\/samanesonu.colegiolossamanes.edu.co\/wp-content\/uploads\/2024\/04\/WhatsApp-Image-2024-04-05-at-9.09.46-AM-4-1-1024x582.jpeg 1024w, https:\/\/samanesonu.colegiolossamanes.edu.co\/wp-content\/uploads\/2024\/04\/WhatsApp-Image-2024-04-05-at-9.09.46-AM-4-1-300x171.jpeg 300w, https:\/\/samanesonu.colegiolossamanes.edu.co\/wp-content\/uploads\/2024\/04\/WhatsApp-Image-2024-04-05-at-9.09.46-AM-4-1-768x437.jpeg 768w, https:\/\/samanesonu.colegiolossamanes.edu.co\/wp-content\/uploads\/2024\/04\/WhatsApp-Image-2024-04-05-at-9.09.46-AM-4-1.jpeg 1280w\" sizes=\"auto, (max-width: 1024px) 100vw, 1024px\" \/><\/figure>\n<\/figure>\n<\/div>\n\n\n\n<div class=\"wp-block-column is-layout-flow wp-block-column-is-layout-flow\">\n<figure class=\"wp-block-image size-large\"><img loading=\"lazy\" decoding=\"async\" width=\"1024\" height=\"567\" src=\"https:\/\/samanesonu.colegiolossamanes.edu.co\/wp-content\/uploads\/2024\/04\/WhatsApp-Image-2024-04-05-at-9.09.45-AM-1-1-1024x567.jpeg\" alt=\"\" class=\"wp-image-1564\" srcset=\"https:\/\/samanesonu.colegiolossamanes.edu.co\/wp-content\/uploads\/2024\/04\/WhatsApp-Image-2024-04-05-at-9.09.45-AM-1-1-1024x567.jpeg 1024w, https:\/\/samanesonu.colegiolossamanes.edu.co\/wp-content\/uploads\/2024\/04\/WhatsApp-Image-2024-04-05-at-9.09.45-AM-1-1-300x166.jpeg 300w, https:\/\/samanesonu.colegiolossamanes.edu.co\/wp-content\/uploads\/2024\/04\/WhatsApp-Image-2024-04-05-at-9.09.45-AM-1-1-768x425.jpeg 768w, https:\/\/samanesonu.colegiolossamanes.edu.co\/wp-content\/uploads\/2024\/04\/WhatsApp-Image-2024-04-05-at-9.09.45-AM-1-1.jpeg 1280w\" sizes=\"auto, (max-width: 1024px) 100vw, 1024px\" \/><\/figure>\n<\/div>\n\n\n\n<div class=\"wp-block-column is-layout-flow wp-block-column-is-layout-flow\">\n<figure class=\"wp-block-image size-large\"><img loading=\"lazy\" decoding=\"async\" width=\"1024\" height=\"599\" src=\"https:\/\/samanesonu.colegiolossamanes.edu.co\/wp-content\/uploads\/2024\/04\/WhatsApp-Image-2024-04-05-at-9.09.46-AM-6-1024x599.jpeg\" alt=\"\" class=\"wp-image-1560\" srcset=\"https:\/\/samanesonu.colegiolossamanes.edu.co\/wp-content\/uploads\/2024\/04\/WhatsApp-Image-2024-04-05-at-9.09.46-AM-6-1024x599.jpeg 1024w, https:\/\/samanesonu.colegiolossamanes.edu.co\/wp-content\/uploads\/2024\/04\/WhatsApp-Image-2024-04-05-at-9.09.46-AM-6-300x175.jpeg 300w, https:\/\/samanesonu.colegiolossamanes.edu.co\/wp-content\/uploads\/2024\/04\/WhatsApp-Image-2024-04-05-at-9.09.46-AM-6-768x449.jpeg 768w, https:\/\/samanesonu.colegiolossamanes.edu.co\/wp-content\/uploads\/2024\/04\/WhatsApp-Image-2024-04-05-at-9.09.46-AM-6.jpeg 1219w\" sizes=\"auto, (max-width: 1024px) 100vw, 1024px\" \/><\/figure>\n<\/div>\n<\/div>\n\n\n\n<figure class=\"wp-block-gallery has-nested-images columns-default is-cropped wp-block-gallery-4 is-layout-flex wp-block-gallery-is-layout-flex\">\n<figure class=\"wp-block-image size-large\"><img loading=\"lazy\" decoding=\"async\" width=\"1024\" height=\"572\" data-id=\"1566\" src=\"https:\/\/samanesonu.colegiolossamanes.edu.co\/wp-content\/uploads\/2024\/04\/WhatsApp-Image-2024-04-05-at-9.18.07-AM-1024x572.jpeg\" alt=\"\" class=\"wp-image-1566\" srcset=\"https:\/\/samanesonu.colegiolossamanes.edu.co\/wp-content\/uploads\/2024\/04\/WhatsApp-Image-2024-04-05-at-9.18.07-AM-1024x572.jpeg 1024w, https:\/\/samanesonu.colegiolossamanes.edu.co\/wp-content\/uploads\/2024\/04\/WhatsApp-Image-2024-04-05-at-9.18.07-AM-300x168.jpeg 300w, https:\/\/samanesonu.colegiolossamanes.edu.co\/wp-content\/uploads\/2024\/04\/WhatsApp-Image-2024-04-05-at-9.18.07-AM-768x429.jpeg 768w, https:\/\/samanesonu.colegiolossamanes.edu.co\/wp-content\/uploads\/2024\/04\/WhatsApp-Image-2024-04-05-at-9.18.07-AM.jpeg 1280w\" sizes=\"auto, (max-width: 1024px) 100vw, 1024px\" \/><\/figure>\n<\/figure>\n","protected":false},"excerpt":{"rendered":"<p>Para este a\u00f1o se ampli\u00f3 el ejercicio trabajando junto al colegio Santa Teresa de Jes\u00fas y otras 8 instituciones de Ibagu\u00e9; Es importante resaltar que para esta sexta edici\u00f3n del evento se quiso realizar en el Hotel Internacional Casa Morales con un excelente dise\u00f1o de log\u00edstica, desarrollando un ejercicio acad\u00e9mico enfocado en la oratoria, el&#8230;<\/p>\n","protected":false},"author":2,"featured_media":0,"parent":0,"menu_order":0,"comment_status":"closed","ping_status":"closed","template":"","meta":{"_kad_post_transparent":"","_kad_post_title":"","_kad_post_layout":"","_kad_post_sidebar_id":"","_kad_post_content_style":"","_kad_post_vertical_padding":"","_kad_post_feature":"","_kad_post_feature_position":"","_kad_post_header":false,"_kad_post_footer":false,"footnotes":""},"class_list":["post-1523","page","type-page","status-publish","hentry"],"_links":{"self":[{"href":"https:\/\/samanesonu.colegiolossamanes.edu.co\/index.php\/wp-json\/wp\/v2\/pages\/1523","targetHints":{"allow":["GET"]}}],"collection":[{"href":"https:\/\/samanesonu.colegiolossamanes.edu.co\/index.php\/wp-json\/wp\/v2\/pages"}],"about":[{"href":"https:\/\/samanesonu.colegiolossamanes.edu.co\/index.php\/wp-json\/wp\/v2\/types\/page"}],"author":[{"embeddable":true,"href":"https:\/\/samanesonu.colegiolossamanes.edu.co\/index.php\/wp-json\/wp\/v2\/users\/2"}],"replies":[{"embeddable":true,"href":"https:\/\/samanesonu.colegiolossamanes.edu.co\/index.php\/wp-json\/wp\/v2\/comments?post=1523"}],"version-history":[{"count":14,"href":"https:\/\/samanesonu.colegiolossamanes.edu.co\/index.php\/wp-json\/wp\/v2\/pages\/1523\/revisions"}],"predecessor-version":[{"id":1573,"href":"https:\/\/samanesonu.colegiolossamanes.edu.co\/index.php\/wp-json\/wp\/v2\/pages\/1523\/revisions\/1573"}],"wp:attachment":[{"href":"https:\/\/samanesonu.colegiolossamanes.edu.co\/index.php\/wp-json\/wp\/v2\/media?parent=1523"}],"curies":[{"name":"wp","href":"https:\/\/api.w.org\/{rel}","templated":true}]}}