{"id":144,"date":"2022-02-17T15:10:01","date_gmt":"2022-02-17T15:10:01","guid":{"rendered":"https:\/\/samanesonu.colegiolossamanes.edu.co\/?page_id=144"},"modified":"2025-10-16T13:08:54","modified_gmt":"2025-10-16T13:08:54","slug":"organizacion","status":"publish","type":"page","link":"https:\/\/samanesonu.colegiolossamanes.edu.co\/index.php\/organizacion\/","title":{"rendered":"Organizaci\u00f3n 23, 24 y 25 de octubre de 2025"},"content":{"rendered":"\n<h2 class=\"wp-block-heading has-text-align-center\" id=\"quienes-son-los-responsables\">\u00bfQui\u00e9nes&nbsp;son los responsables?<\/h2>\n\n\n\n<hr class=\"wp-block-separator has-alpha-channel-opacity is-style-wide\"\/>\n\n\n\n<h4 class=\"wp-block-heading\">Colegio Los Samanes<\/h4>\n\n\n\n<hr class=\"wp-block-separator has-alpha-channel-opacity is-style-wide\"\/>\n\n\n\n<div class=\"wp-block-columns is-layout-flex wp-container-core-columns-is-layout-1 wp-block-columns-is-layout-flex\">\n<div class=\"wp-block-column is-layout-flow wp-block-column-is-layout-flow\">\n<h2 class=\"wp-block-heading has-text-align-center has-medium-font-size\">Presidente <\/h2>\n\n\n<div class=\"wp-block-image\">\n<figure class=\"aligncenter size-large is-resized\"><img loading=\"lazy\" decoding=\"async\" width=\"683\" height=\"1024\" src=\"https:\/\/samanesonu.colegiolossamanes.edu.co\/wp-content\/uploads\/2025\/04\/Sofia-Marulanda-683x1024.jpg\" alt=\"\" class=\"wp-image-2956\" style=\"width:323px;height:auto\" srcset=\"https:\/\/samanesonu.colegiolossamanes.edu.co\/wp-content\/uploads\/2025\/04\/Sofia-Marulanda-683x1024.jpg 683w, https:\/\/samanesonu.colegiolossamanes.edu.co\/wp-content\/uploads\/2025\/04\/Sofia-Marulanda-200x300.jpg 200w, https:\/\/samanesonu.colegiolossamanes.edu.co\/wp-content\/uploads\/2025\/04\/Sofia-Marulanda-768x1152.jpg 768w, https:\/\/samanesonu.colegiolossamanes.edu.co\/wp-content\/uploads\/2025\/04\/Sofia-Marulanda-1024x1536.jpg 1024w, https:\/\/samanesonu.colegiolossamanes.edu.co\/wp-content\/uploads\/2025\/04\/Sofia-Marulanda-1365x2048.jpg 1365w, https:\/\/samanesonu.colegiolossamanes.edu.co\/wp-content\/uploads\/2025\/04\/Sofia-Marulanda-scaled.jpg 1707w\" sizes=\"auto, (max-width: 683px) 100vw, 683px\" \/><figcaption class=\"wp-element-caption\"><strong>Sofia Marulanda 11B<\/strong><\/figcaption><\/figure><\/div><\/div>\n\n\n\n<div class=\"wp-block-column is-layout-flow wp-block-column-is-layout-flow\">\n<h2 class=\"wp-block-heading has-text-align-center has-medium-font-size\">Vicepresidente<\/h2>\n\n\n<div class=\"wp-block-image\">\n<figure class=\"aligncenter size-large is-resized\"><img loading=\"lazy\" decoding=\"async\" width=\"683\" height=\"1024\" src=\"https:\/\/samanesonu.colegiolossamanes.edu.co\/wp-content\/uploads\/2025\/04\/Diany-Ramirez-683x1024.jpg\" alt=\"\" class=\"wp-image-2958\" style=\"width:322px;height:auto\" srcset=\"https:\/\/samanesonu.colegiolossamanes.edu.co\/wp-content\/uploads\/2025\/04\/Diany-Ramirez-683x1024.jpg 683w, https:\/\/samanesonu.colegiolossamanes.edu.co\/wp-content\/uploads\/2025\/04\/Diany-Ramirez-200x300.jpg 200w, https:\/\/samanesonu.colegiolossamanes.edu.co\/wp-content\/uploads\/2025\/04\/Diany-Ramirez-768x1152.jpg 768w, https:\/\/samanesonu.colegiolossamanes.edu.co\/wp-content\/uploads\/2025\/04\/Diany-Ramirez-1024x1536.jpg 1024w, https:\/\/samanesonu.colegiolossamanes.edu.co\/wp-content\/uploads\/2025\/04\/Diany-Ramirez-1365x2048.jpg 1365w, https:\/\/samanesonu.colegiolossamanes.edu.co\/wp-content\/uploads\/2025\/04\/Diany-Ramirez-scaled.jpg 1707w\" sizes=\"auto, (max-width: 683px) 100vw, 683px\" \/><figcaption class=\"wp-element-caption\"><strong>Diany Ramirez 11B<\/strong><\/figcaption><\/figure><\/div><\/div>\n\n\n\n<div class=\"wp-block-column is-layout-flow wp-block-column-is-layout-flow\">\n<h2 class=\"wp-block-heading has-text-align-center has-medium-font-size\">Secretaria General <\/h2>\n\n\n<div class=\"wp-block-image\">\n<figure class=\"aligncenter size-large is-resized\"><img loading=\"lazy\" decoding=\"async\" width=\"683\" height=\"1024\" src=\"https:\/\/samanesonu.colegiolossamanes.edu.co\/wp-content\/uploads\/2025\/04\/Nicol-Millan-683x1024.jpg\" alt=\"\" class=\"wp-image-2959\" style=\"width:321px;height:auto\" srcset=\"https:\/\/samanesonu.colegiolossamanes.edu.co\/wp-content\/uploads\/2025\/04\/Nicol-Millan-683x1024.jpg 683w, https:\/\/samanesonu.colegiolossamanes.edu.co\/wp-content\/uploads\/2025\/04\/Nicol-Millan-200x300.jpg 200w, https:\/\/samanesonu.colegiolossamanes.edu.co\/wp-content\/uploads\/2025\/04\/Nicol-Millan-768x1152.jpg 768w, https:\/\/samanesonu.colegiolossamanes.edu.co\/wp-content\/uploads\/2025\/04\/Nicol-Millan-1024x1536.jpg 1024w, https:\/\/samanesonu.colegiolossamanes.edu.co\/wp-content\/uploads\/2025\/04\/Nicol-Millan-1365x2048.jpg 1365w, https:\/\/samanesonu.colegiolossamanes.edu.co\/wp-content\/uploads\/2025\/04\/Nicol-Millan-scaled.jpg 1707w\" sizes=\"auto, (max-width: 683px) 100vw, 683px\" \/><figcaption class=\"wp-element-caption\"><strong>Nicol Mill\u00e1n 11A<\/strong><\/figcaption><\/figure><\/div><\/div>\n<\/div>\n\n\n\n<hr class=\"wp-block-separator has-alpha-channel-opacity is-style-wide\"\/>\n\n\n\n<h4 class=\"wp-block-heading\">Colegio Santa Teresa de Jes\u00fas<\/h4>\n\n\n\n<hr class=\"wp-block-separator has-alpha-channel-opacity is-style-wide\"\/>\n\n\n\n<div class=\"wp-block-columns is-layout-flex wp-container-core-columns-is-layout-2 wp-block-columns-is-layout-flex\">\n<div class=\"wp-block-column is-layout-flow wp-block-column-is-layout-flow\">\n<h2 class=\"wp-block-heading has-text-align-center has-medium-font-size\">Presidente STJ<\/h2>\n\n\n<div class=\"wp-block-image\">\n<figure class=\"aligncenter size-large is-resized\"><img loading=\"lazy\" decoding=\"async\" width=\"683\" height=\"1024\" src=\"https:\/\/samanesonu.colegiolossamanes.edu.co\/wp-content\/uploads\/2025\/04\/Bibiana-Hernandez-Presidenta-General-STJ-683x1024.jpg\" alt=\"\" class=\"wp-image-2962\" style=\"width:339px;height:auto\" srcset=\"https:\/\/samanesonu.colegiolossamanes.edu.co\/wp-content\/uploads\/2025\/04\/Bibiana-Hernandez-Presidenta-General-STJ-683x1024.jpg 683w, https:\/\/samanesonu.colegiolossamanes.edu.co\/wp-content\/uploads\/2025\/04\/Bibiana-Hernandez-Presidenta-General-STJ-200x300.jpg 200w, https:\/\/samanesonu.colegiolossamanes.edu.co\/wp-content\/uploads\/2025\/04\/Bibiana-Hernandez-Presidenta-General-STJ-768x1152.jpg 768w, https:\/\/samanesonu.colegiolossamanes.edu.co\/wp-content\/uploads\/2025\/04\/Bibiana-Hernandez-Presidenta-General-STJ-1024x1536.jpg 1024w, https:\/\/samanesonu.colegiolossamanes.edu.co\/wp-content\/uploads\/2025\/04\/Bibiana-Hernandez-Presidenta-General-STJ-1365x2048.jpg 1365w, https:\/\/samanesonu.colegiolossamanes.edu.co\/wp-content\/uploads\/2025\/04\/Bibiana-Hernandez-Presidenta-General-STJ-scaled.jpg 1707w\" sizes=\"auto, (max-width: 683px) 100vw, 683px\" \/><figcaption class=\"wp-element-caption\"><strong>Bibiana Hern\u00e1ndez STJ<\/strong><\/figcaption><\/figure><\/div><\/div>\n\n\n\n<div class=\"wp-block-column is-layout-flow wp-block-column-is-layout-flow\">\n<h2 class=\"wp-block-heading has-text-align-center has-medium-font-size\">Secretaria General STJ<\/h2>\n\n\n<div class=\"wp-block-image\">\n<figure class=\"aligncenter size-large is-resized\"><img loading=\"lazy\" decoding=\"async\" width=\"683\" height=\"1024\" src=\"https:\/\/samanesonu.colegiolossamanes.edu.co\/wp-content\/uploads\/2025\/04\/Secretaria-General-STJ-Isabella-Medina-683x1024.jpg\" alt=\"\" class=\"wp-image-2964\" style=\"width:337px;height:auto\" srcset=\"https:\/\/samanesonu.colegiolossamanes.edu.co\/wp-content\/uploads\/2025\/04\/Secretaria-General-STJ-Isabella-Medina-683x1024.jpg 683w, https:\/\/samanesonu.colegiolossamanes.edu.co\/wp-content\/uploads\/2025\/04\/Secretaria-General-STJ-Isabella-Medina-200x300.jpg 200w, https:\/\/samanesonu.colegiolossamanes.edu.co\/wp-content\/uploads\/2025\/04\/Secretaria-General-STJ-Isabella-Medina-768x1152.jpg 768w, https:\/\/samanesonu.colegiolossamanes.edu.co\/wp-content\/uploads\/2025\/04\/Secretaria-General-STJ-Isabella-Medina-1024x1536.jpg 1024w, https:\/\/samanesonu.colegiolossamanes.edu.co\/wp-content\/uploads\/2025\/04\/Secretaria-General-STJ-Isabella-Medina-1365x2048.jpg 1365w, https:\/\/samanesonu.colegiolossamanes.edu.co\/wp-content\/uploads\/2025\/04\/Secretaria-General-STJ-Isabella-Medina-scaled.jpg 1707w\" sizes=\"auto, (max-width: 683px) 100vw, 683px\" \/><figcaption class=\"wp-element-caption\"><strong>Isabella Medina STJ<\/strong><\/figcaption><\/figure><\/div><\/div>\n<\/div>\n\n\n\n<hr class=\"wp-block-separator has-alpha-channel-opacity is-style-wide\"\/>\n\n\n\n<figure class=\"wp-block-gallery has-nested-images columns-default is-cropped wp-block-gallery-1 is-layout-flex wp-block-gallery-is-layout-flex\">\n<figure class=\"wp-block-image size-large\"><img loading=\"lazy\" decoding=\"async\" width=\"1024\" height=\"683\" data-id=\"2970\" src=\"https:\/\/samanesonu.colegiolossamanes.edu.co\/wp-content\/uploads\/2025\/04\/12544-1024x683.jpg\" alt=\"\" class=\"wp-image-2970\" srcset=\"https:\/\/samanesonu.colegiolossamanes.edu.co\/wp-content\/uploads\/2025\/04\/12544-1024x683.jpg 1024w, https:\/\/samanesonu.colegiolossamanes.edu.co\/wp-content\/uploads\/2025\/04\/12544-300x200.jpg 300w, https:\/\/samanesonu.colegiolossamanes.edu.co\/wp-content\/uploads\/2025\/04\/12544-768x512.jpg 768w, https:\/\/samanesonu.colegiolossamanes.edu.co\/wp-content\/uploads\/2025\/04\/12544-1536x1024.jpg 1536w, https:\/\/samanesonu.colegiolossamanes.edu.co\/wp-content\/uploads\/2025\/04\/12544-2048x1365.jpg 2048w\" sizes=\"auto, (max-width: 1024px) 100vw, 1024px\" \/><\/figure>\n\n\n\n<figure class=\"wp-block-image size-large\"><img loading=\"lazy\" decoding=\"async\" width=\"1024\" height=\"683\" data-id=\"2972\" src=\"https:\/\/samanesonu.colegiolossamanes.edu.co\/wp-content\/uploads\/2025\/04\/IMG_1690-1-1024x683.jpg\" alt=\"\" class=\"wp-image-2972\" srcset=\"https:\/\/samanesonu.colegiolossamanes.edu.co\/wp-content\/uploads\/2025\/04\/IMG_1690-1-1024x683.jpg 1024w, https:\/\/samanesonu.colegiolossamanes.edu.co\/wp-content\/uploads\/2025\/04\/IMG_1690-1-300x200.jpg 300w, https:\/\/samanesonu.colegiolossamanes.edu.co\/wp-content\/uploads\/2025\/04\/IMG_1690-1-768x512.jpg 768w, https:\/\/samanesonu.colegiolossamanes.edu.co\/wp-content\/uploads\/2025\/04\/IMG_1690-1-1536x1024.jpg 1536w, https:\/\/samanesonu.colegiolossamanes.edu.co\/wp-content\/uploads\/2025\/04\/IMG_1690-1-2048x1365.jpg 2048w\" sizes=\"auto, (max-width: 1024px) 100vw, 1024px\" \/><\/figure>\n\n\n\n<figure class=\"wp-block-image size-large\"><img loading=\"lazy\" decoding=\"async\" width=\"1024\" height=\"683\" data-id=\"2971\" src=\"https:\/\/samanesonu.colegiolossamanes.edu.co\/wp-content\/uploads\/2025\/04\/IMG_1623-1024x683.jpg\" alt=\"\" class=\"wp-image-2971\" srcset=\"https:\/\/samanesonu.colegiolossamanes.edu.co\/wp-content\/uploads\/2025\/04\/IMG_1623-1024x683.jpg 1024w, https:\/\/samanesonu.colegiolossamanes.edu.co\/wp-content\/uploads\/2025\/04\/IMG_1623-300x200.jpg 300w, https:\/\/samanesonu.colegiolossamanes.edu.co\/wp-content\/uploads\/2025\/04\/IMG_1623-768x512.jpg 768w, https:\/\/samanesonu.colegiolossamanes.edu.co\/wp-content\/uploads\/2025\/04\/IMG_1623-1536x1024.jpg 1536w, https:\/\/samanesonu.colegiolossamanes.edu.co\/wp-content\/uploads\/2025\/04\/IMG_1623-2048x1365.jpg 2048w\" sizes=\"auto, (max-width: 1024px) 100vw, 1024px\" \/><\/figure>\n<\/figure>\n\n\n\n<hr class=\"wp-block-separator has-alpha-channel-opacity is-style-wide\"\/>\n\n\n\n<div class=\"wp-block-columns is-layout-flex wp-container-core-columns-is-layout-3 wp-block-columns-is-layout-flex\">\n<div class=\"wp-block-column is-layout-flow wp-block-column-is-layout-flow\">\n<h2 class=\"wp-block-heading has-text-align-center has-medium-font-size\">Contabilidad<\/h2>\n\n\n<div class=\"wp-block-image\">\n<figure class=\"aligncenter size-large is-resized\"><img loading=\"lazy\" decoding=\"async\" width=\"683\" height=\"1024\" src=\"https:\/\/samanesonu.colegiolossamanes.edu.co\/wp-content\/uploads\/2025\/04\/Sara-Lozano-Tesorera-683x1024.jpg\" alt=\"\" class=\"wp-image-2975\" style=\"width:319px;height:auto\" srcset=\"https:\/\/samanesonu.colegiolossamanes.edu.co\/wp-content\/uploads\/2025\/04\/Sara-Lozano-Tesorera-683x1024.jpg 683w, https:\/\/samanesonu.colegiolossamanes.edu.co\/wp-content\/uploads\/2025\/04\/Sara-Lozano-Tesorera-200x300.jpg 200w, https:\/\/samanesonu.colegiolossamanes.edu.co\/wp-content\/uploads\/2025\/04\/Sara-Lozano-Tesorera-768x1152.jpg 768w, https:\/\/samanesonu.colegiolossamanes.edu.co\/wp-content\/uploads\/2025\/04\/Sara-Lozano-Tesorera-1024x1536.jpg 1024w, https:\/\/samanesonu.colegiolossamanes.edu.co\/wp-content\/uploads\/2025\/04\/Sara-Lozano-Tesorera-1365x2048.jpg 1365w, https:\/\/samanesonu.colegiolossamanes.edu.co\/wp-content\/uploads\/2025\/04\/Sara-Lozano-Tesorera-scaled.jpg 1707w\" sizes=\"auto, (max-width: 683px) 100vw, 683px\" \/><figcaption class=\"wp-element-caption\"><strong>Sara Lozano 11A<\/strong><\/figcaption><\/figure><\/div><\/div>\n\n\n\n<div class=\"wp-block-column is-layout-flow wp-block-column-is-layout-flow\">\n<h2 class=\"wp-block-heading has-text-align-center has-medium-font-size\">Log\u00edstica<\/h2>\n\n\n<div class=\"wp-block-image\">\n<figure class=\"aligncenter size-large is-resized\"><img loading=\"lazy\" decoding=\"async\" width=\"683\" height=\"1024\" src=\"https:\/\/samanesonu.colegiolossamanes.edu.co\/wp-content\/uploads\/2025\/04\/Samuel-Rada-Presidente-de-Logistica-683x1024.jpg\" alt=\"\" class=\"wp-image-2976\" style=\"width:319px;height:auto\" srcset=\"https:\/\/samanesonu.colegiolossamanes.edu.co\/wp-content\/uploads\/2025\/04\/Samuel-Rada-Presidente-de-Logistica-683x1024.jpg 683w, https:\/\/samanesonu.colegiolossamanes.edu.co\/wp-content\/uploads\/2025\/04\/Samuel-Rada-Presidente-de-Logistica-200x300.jpg 200w, https:\/\/samanesonu.colegiolossamanes.edu.co\/wp-content\/uploads\/2025\/04\/Samuel-Rada-Presidente-de-Logistica-768x1152.jpg 768w, https:\/\/samanesonu.colegiolossamanes.edu.co\/wp-content\/uploads\/2025\/04\/Samuel-Rada-Presidente-de-Logistica-1024x1536.jpg 1024w, https:\/\/samanesonu.colegiolossamanes.edu.co\/wp-content\/uploads\/2025\/04\/Samuel-Rada-Presidente-de-Logistica-1365x2048.jpg 1365w, https:\/\/samanesonu.colegiolossamanes.edu.co\/wp-content\/uploads\/2025\/04\/Samuel-Rada-Presidente-de-Logistica-scaled.jpg 1707w\" sizes=\"auto, (max-width: 683px) 100vw, 683px\" \/><figcaption class=\"wp-element-caption\"><strong>Samuel Rada 11A<\/strong><\/figcaption><\/figure><\/div><\/div>\n\n\n\n<div class=\"wp-block-column is-layout-flow wp-block-column-is-layout-flow\">\n<h2 class=\"wp-block-heading has-text-align-center has-medium-font-size\">Prensa<\/h2>\n\n\n<div class=\"wp-block-image\">\n<figure class=\"aligncenter size-large is-resized\"><img loading=\"lazy\" decoding=\"async\" width=\"683\" height=\"1024\" src=\"https:\/\/samanesonu.colegiolossamanes.edu.co\/wp-content\/uploads\/2025\/04\/Sara-Sanchez-Presidenta-de-Prensa-683x1024.jpg\" alt=\"\" class=\"wp-image-2977\" style=\"width:319px;height:auto\" srcset=\"https:\/\/samanesonu.colegiolossamanes.edu.co\/wp-content\/uploads\/2025\/04\/Sara-Sanchez-Presidenta-de-Prensa-683x1024.jpg 683w, https:\/\/samanesonu.colegiolossamanes.edu.co\/wp-content\/uploads\/2025\/04\/Sara-Sanchez-Presidenta-de-Prensa-200x300.jpg 200w, https:\/\/samanesonu.colegiolossamanes.edu.co\/wp-content\/uploads\/2025\/04\/Sara-Sanchez-Presidenta-de-Prensa-768x1152.jpg 768w, https:\/\/samanesonu.colegiolossamanes.edu.co\/wp-content\/uploads\/2025\/04\/Sara-Sanchez-Presidenta-de-Prensa-1024x1536.jpg 1024w, https:\/\/samanesonu.colegiolossamanes.edu.co\/wp-content\/uploads\/2025\/04\/Sara-Sanchez-Presidenta-de-Prensa-1365x2048.jpg 1365w, https:\/\/samanesonu.colegiolossamanes.edu.co\/wp-content\/uploads\/2025\/04\/Sara-Sanchez-Presidenta-de-Prensa-scaled.jpg 1707w\" sizes=\"auto, (max-width: 683px) 100vw, 683px\" \/><figcaption class=\"wp-element-caption\"><strong>Sara S\u00e1nchez 11B<\/strong><\/figcaption><\/figure><\/div><\/div>\n<\/div>\n\n\n\n<hr class=\"wp-block-separator has-alpha-channel-opacity is-style-wide\"\/>\n\n\n\n<h2 class=\"wp-block-heading has-text-align-center\">Directores del Proyecto<\/h2>\n\n\n\n<div class=\"wp-block-columns is-layout-flex wp-container-core-columns-is-layout-4 wp-block-columns-is-layout-flex\">\n<div class=\"wp-block-column is-layout-flow wp-block-column-is-layout-flow\"><div class=\"wp-block-image\">\n<figure class=\"aligncenter size-large is-resized\"><img loading=\"lazy\" decoding=\"async\" width=\"967\" height=\"1024\" src=\"http:\/\/samanesonu.colegiolossamanes.edu.co\/wp-content\/uploads\/2025\/04\/BARBOSA-FELIPE-1-967x1024.png\" alt=\"\" class=\"wp-image-2843\" style=\"width:294px;height:auto\" srcset=\"https:\/\/samanesonu.colegiolossamanes.edu.co\/wp-content\/uploads\/2025\/04\/BARBOSA-FELIPE-1-967x1024.png 967w, https:\/\/samanesonu.colegiolossamanes.edu.co\/wp-content\/uploads\/2025\/04\/BARBOSA-FELIPE-1-283x300.png 283w, https:\/\/samanesonu.colegiolossamanes.edu.co\/wp-content\/uploads\/2025\/04\/BARBOSA-FELIPE-1-768x814.png 768w, https:\/\/samanesonu.colegiolossamanes.edu.co\/wp-content\/uploads\/2025\/04\/BARBOSA-FELIPE-1-1450x1536.png 1450w, https:\/\/samanesonu.colegiolossamanes.edu.co\/wp-content\/uploads\/2025\/04\/BARBOSA-FELIPE-1-1933x2048.png 1933w\" sizes=\"auto, (max-width: 967px) 100vw, 967px\" \/><figcaption class=\"wp-element-caption\"><strong>Felipe Barbosa<\/strong><\/figcaption><\/figure><\/div><\/div>\n\n\n\n<div class=\"wp-block-column is-layout-flow wp-block-column-is-layout-flow\"><div class=\"wp-block-image\">\n<figure class=\"aligncenter size-large is-resized\"><img loading=\"lazy\" decoding=\"async\" width=\"870\" height=\"1024\" src=\"http:\/\/samanesonu.colegiolossamanes.edu.co\/wp-content\/uploads\/2022\/07\/BUITRAGO-HUGO-870x1024.png\" alt=\"\" class=\"wp-image-424\" style=\"width:267px;height:auto\" srcset=\"https:\/\/samanesonu.colegiolossamanes.edu.co\/wp-content\/uploads\/2022\/07\/BUITRAGO-HUGO-870x1024.png 870w, https:\/\/samanesonu.colegiolossamanes.edu.co\/wp-content\/uploads\/2022\/07\/BUITRAGO-HUGO-255x300.png 255w, https:\/\/samanesonu.colegiolossamanes.edu.co\/wp-content\/uploads\/2022\/07\/BUITRAGO-HUGO-768x904.png 768w, https:\/\/samanesonu.colegiolossamanes.edu.co\/wp-content\/uploads\/2022\/07\/BUITRAGO-HUGO-1305x1536.png 1305w, https:\/\/samanesonu.colegiolossamanes.edu.co\/wp-content\/uploads\/2022\/07\/BUITRAGO-HUGO-1740x2048.png 1740w\" sizes=\"auto, (max-width: 870px) 100vw, 870px\" \/><figcaption class=\"wp-element-caption\"><strong>Hugo Buitrago<\/strong><\/figcaption><\/figure><\/div><\/div>\n<\/div>\n\n\n\n<h2 class=\"wp-block-heading\" id=\"dinamica\">Cronograma<\/h2>\n\n\n\n<hr class=\"wp-block-separator has-text-color has-css-opacity has-background aligncenter is-style-wide\" style=\"background-color:#e0eeff;color:#e0eeff\"\/>\n\n\n\n<h2 class=\"wp-block-heading\"><strong><mark style=\"background-color:#01225e\" class=\"has-inline-color has-theme-palette-6-color\">Primer d\u00eda<\/mark> <\/strong>23 de octubre: Inauguraci\u00f3n<\/h2>\n\n\n\n<p id=\"para-el-ano-2021-se-pretende-ampliar-la-propuesta-del-ejercicio-samonu-a-3-dias-debido-a-la-importancia-como-herramienta-de-aprendizaje-dentro-de-las-ciencias-sociales-el-objetivo-es-ampliar-la-puesta-en-escena-de-tal-manera-que-se-pueda-sensibilizar-a-la-poblacion-en-terminos-de-ciudadania-y-pensamiento-critico-los-3-dias-se-plantean-de-la-siguiente-manera\" style=\"font-size:18px\">El primer d\u00eda, el 23 de octubre, se dar\u00e1 apertura oficial a <strong>SAMONU 2025<\/strong> con un evento de presentaci\u00f3n que se llevar\u00e1 a cabo de <strong>6:30 a 9:00 PM<\/strong> en el Colegio <strong>Los Samanes.<\/strong> En este espacio, se expondr\u00e1 el prop\u00f3sito del ejercicio, resaltando la importancia de generar un di\u00e1logo entre estudiantes de diferentes contextos territoriales para visibilizar desigualdades y buscar alternativas que promuevan la equidad. Como parte central de esta jornada, un experto en educaci\u00f3n, inclusi\u00f3n social o desarrollo territorial ofrecer\u00e1 una intervenci\u00f3n que permitir\u00e1 contextualizar el ejercicio, proporcionando un marco te\u00f3rico y pr\u00e1ctico que servir\u00e1 de base para las discusiones del d\u00eda siguiente.<\/p>\n\n\n\n<h2 class=\"wp-block-heading\" id=\"segundo-dia-simulacro\"><mark style=\"background-color:#01225e\" class=\"has-inline-color has-theme-palette-6-color\"><strong><mark style=\"background-color:#01225e\" class=\"has-inline-color has-theme-palette-6-color\">Segundo d\u00eda<\/mark><\/strong><\/mark><strong><mark style=\"background-color:#ffffff\" class=\"has-inline-color has-theme-palette-3-color\"> <\/mark><\/strong><mark style=\"background-color:#ffffff\" class=\"has-inline-color has-theme-palette-3-color\">24 de octubre<\/mark>: Debate<\/h2>\n\n\n\n<hr class=\"wp-block-separator has-text-color has-css-opacity has-background aligncenter is-style-wide\" style=\"background-color:#cfdeff;color:#cfdeff\"\/>\n\n\n\n<p>El 24 de octubre, se desarrollar\u00e1n las sesiones de debate, con una jornada que iniciar\u00e1 a las <strong>7:00 am. y finalizar\u00e1 a las 3:30 pm<\/strong> en el Colegio <strong>Los Samanes<\/strong>. Durante este d\u00eda, los estudiantes, analizar\u00e1n los ejes de sus respectivas comisiones, guiados por sus moderadores y presidentes, quienes asegurar\u00e1n una participaci\u00f3n equitativa y un secretario\/a de actas que registrar\u00e1 los principales puntos de discusi\u00f3n. Finalmente, el d\u00eda concluir\u00e1 con un espacio de cierre y reflexi\u00f3n, de 3:00 pm a 3:30 pm, donde se discutir\u00e1n los aprendizajes obtenidos y se resaltar\u00e1 la importancia del di\u00e1logo y la cooperaci\u00f3n como un camino para la transformaci\u00f3n social.<\/p>\n\n\n\n<h2 class=\"wp-block-heading\" id=\"momento-2-ceremonia-de-clausura\"><mark style=\"background-color:#01225e\" class=\"has-inline-color has-theme-palette-6-color\"><strong><mark style=\"background-color:#01225e\" class=\"has-inline-color has-theme-palette-6-color\">Tercer d\u00eda<\/mark><\/strong><\/mark><strong><mark style=\"background-color:#ffffff\" class=\"has-inline-color\"> <\/mark><\/strong><mark style=\"background-color:#ffffff\" class=\"has-inline-color has-theme-palette-3-color\">25 de octubre<\/mark>: Ceremonia de clausura<\/h2>\n\n\n\n<p>Por medio de un acto de <strong>Izada de Bandera<\/strong> se condecora a aquellos estudiantes que se destacan en las siguientes categor\u00edas:<\/p>\n\n\n\n<p><strong>\ud83c\udf96Premios por comisi\u00f3n:<\/strong><\/p>\n\n\n\n<p><br>100.000 pesos en bono de Panamericana y medalla al mejor delegado de cada comisi\u00f3n.<\/p>\n\n\n\n<p><br>Diploma a la mejor carta de posici\u00f3n de cada comisi\u00f3n.<\/p>\n\n\n\n<p><br>Diploma al mejor discurso de apertura de cada comisi\u00f3n.<\/p>\n\n\n\n<p><br>Diploma delegado destacado de cada comisi\u00f3n.<\/p>\n\n\n\n<p>Certificado de Participaci\u00f3n a todos los delegados. <\/p>\n\n\n\n<div style=\"height:0px\" aria-hidden=\"true\" class=\"wp-block-spacer\"><\/div>\n\n\n\n<p>Trofeo al mejor delegado del modelo<\/p>\n\n\n\n<p>Pin al mejor mediador de cada comisi\u00f3n<\/p>\n\n\n\n<p><\/p>\n","protected":false},"excerpt":{"rendered":"<p>\u00bfQui\u00e9nes&nbsp;son los responsables? Colegio Los Samanes Presidente Vicepresidente Secretaria General Colegio Santa Teresa de Jes\u00fas Presidente STJ Secretaria General STJ Contabilidad Log\u00edstica Prensa Directores del Proyecto Cronograma Primer d\u00eda 23 de octubre: Inauguraci\u00f3n El primer d\u00eda, el 23 de octubre, se dar\u00e1 apertura oficial a SAMONU 2025 con un evento de presentaci\u00f3n que se llevar\u00e1&#8230;<\/p>\n","protected":false},"author":2,"featured_media":0,"parent":0,"menu_order":0,"comment_status":"closed","ping_status":"closed","template":"","meta":{"_kad_post_transparent":"","_kad_post_title":"","_kad_post_layout":"","_kad_post_sidebar_id":"","_kad_post_content_style":"","_kad_post_vertical_padding":"","_kad_post_feature":"","_kad_post_feature_position":"","_kad_post_header":false,"_kad_post_footer":false,"footnotes":""},"class_list":["post-144","page","type-page","status-publish","hentry"],"_links":{"self":[{"href":"https:\/\/samanesonu.colegiolossamanes.edu.co\/index.php\/wp-json\/wp\/v2\/pages\/144","targetHints":{"allow":["GET"]}}],"collection":[{"href":"https:\/\/samanesonu.colegiolossamanes.edu.co\/index.php\/wp-json\/wp\/v2\/pages"}],"about":[{"href":"https:\/\/samanesonu.colegiolossamanes.edu.co\/index.php\/wp-json\/wp\/v2\/types\/page"}],"author":[{"embeddable":true,"href":"https:\/\/samanesonu.colegiolossamanes.edu.co\/index.php\/wp-json\/wp\/v2\/users\/2"}],"replies":[{"embeddable":true,"href":"https:\/\/samanesonu.colegiolossamanes.edu.co\/index.php\/wp-json\/wp\/v2\/comments?post=144"}],"version-history":[{"count":108,"href":"https:\/\/samanesonu.colegiolossamanes.edu.co\/index.php\/wp-json\/wp\/v2\/pages\/144\/revisions"}],"predecessor-version":[{"id":3336,"href":"https:\/\/samanesonu.colegiolossamanes.edu.co\/index.php\/wp-json\/wp\/v2\/pages\/144\/revisions\/3336"}],"wp:attachment":[{"href":"https:\/\/samanesonu.colegiolossamanes.edu.co\/index.php\/wp-json\/wp\/v2\/media?parent=144"}],"curies":[{"name":"wp","href":"https:\/\/api.w.org\/{rel}","templated":true}]}}