{"id":130,"date":"2022-02-17T14:07:28","date_gmt":"2022-02-17T14:07:28","guid":{"rendered":"https:\/\/samanesonu.colegiolossamanes.edu.co\/?page_id=130"},"modified":"2023-04-21T18:29:35","modified_gmt":"2023-04-21T18:29:35","slug":"que-es-samonu","status":"publish","type":"page","link":"https:\/\/samanesonu.colegiolossamanes.edu.co\/index.php\/que-es-samonu\/","title":{"rendered":"Qu\u00e9 es Samonu"},"content":{"rendered":"\n<p style=\"font-size:18px\"><strong><em>SAMONU<\/em> es un proyecto de Simulaci\u00f3n de las Naciones Unidas <\/strong>que se propone la tarea de promover&nbsp;en los estudiantes del Colegio Los Samanes y la ciudad de Ibagu\u00e9, conceptos democr\u00e1ticos fundamentales que sirvan como herramientas indispensables para empoderarlos&nbsp;en aras de resolver por la v\u00eda del <strong>debate, el pensamiento cr\u00edtico, el multipespectivismo, la discusi\u00f3n argumentativa y la oralidad<\/strong>, los diversos problemas que se les puedan presentar en su cotidianidad y sobre todo en su vida adulta. &nbsp;<\/p>\n\n\n\n<figure class=\"wp-block-video\"><video controls src=\"https:\/\/samanesonu.colegiolossamanes.edu.co\/wp-content\/uploads\/2023\/04\/trim.0476E83B-9F56-45E2-B82E-4BE7563B3DDF.mov\"><\/video><\/figure>\n\n\n\n<div class=\"wp-block-image\"><figure class=\"aligncenter size-full\"><img loading=\"lazy\" decoding=\"async\" width=\"1024\" height=\"411\" src=\"https:\/\/samanesonu.colegiolossamanes.edu.co\/wp-content\/uploads\/2022\/07\/equipo-samonu-2021-2-1024x411-1.png\" alt=\"\" class=\"wp-image-470\" srcset=\"https:\/\/samanesonu.colegiolossamanes.edu.co\/wp-content\/uploads\/2022\/07\/equipo-samonu-2021-2-1024x411-1.png 1024w, https:\/\/samanesonu.colegiolossamanes.edu.co\/wp-content\/uploads\/2022\/07\/equipo-samonu-2021-2-1024x411-1-300x120.png 300w, https:\/\/samanesonu.colegiolossamanes.edu.co\/wp-content\/uploads\/2022\/07\/equipo-samonu-2021-2-1024x411-1-768x308.png 768w\" sizes=\"auto, (max-width: 1024px) 100vw, 1024px\" \/><\/figure><\/div>\n\n\n\n<p style=\"font-size:18px\"><strong>Lo anterior se fundamenta en la concepci\u00f3n del proceso educativo, entendido como una formaci\u00f3n m\u00e1s all\u00e1 del \u00e1mbito acad\u00e9mico<\/strong>, el cual exige que desde edades tempranas ni\u00f1os, ni\u00f1as y j\u00f3venes inicien a ser part\u00edcipes activos de la construcci\u00f3n de la sociedad por medio del <strong>adecuado desarrollo de las interacciones humanas que deben ser reguladas por normas sociales<\/strong>; estas normas son leyes humanas creadas con el fin de mejorar la convivencia entre las personas, son deberes y derechos que deben ser de mutuo cumplimiento sin distingo de edad, raza, sexo, religi\u00f3n, nivel educativo o socioecon\u00f3mico.<\/p>\n\n\n\n<p style=\"font-size:18px\">Por tal motivo, <strong>el presente proyecto atiende una de las necesidades globales m\u00e1s sentidas <\/strong>y tiene que ver justamente con la<strong> intolerancia y falta de entendimiento<\/strong>, el cual se refleja en la violencia actual, la poca capacidad de resolver los problemas por la v\u00eda del di\u00e1logo, la incapacidad de defender los puntos de vista a partir de argumentos s\u00f3lidos y la \u00fanica opci\u00f3n de resolver los conflictos por m\u00e9todos de violencia tanto f\u00edsica como verbal. Las diversas estrategias contempladas en el proyecto sugieren alternativas de prevenci\u00f3n que se complementan entre si y apuntan a la construcci\u00f3n de conciencia colectiva, compromiso social y respeto por la vida propia y por la de los dem\u00e1s.<\/p>\n\n\n\n<h2 class=\"wp-block-heading\" id=\"objetivo-general\">\u2705 Objetivo General<\/h2>\n\n\n\n<hr class=\"wp-block-separator aligncenter has-text-color has-background is-style-wide\" style=\"background-color:#d3e0ff;color:#d3e0ff\"\/>\n\n\n\n<p style=\"font-size:18px\">Orientar a la comunidad educativa, a partir del proyecto de Simulaci\u00f3n de la Organizaci\u00f3n de las Naciones Unidas (SAMONU), para <strong>formar ciudadanos con las competencias necesarias que permitan la resoluci\u00f3n de conflictos por medio del di\u00e1logo<\/strong>, la oralidad y el pensamiento cr\u00edtico, fomentando una adecuada&nbsp;educaci\u00f3n para la justicia, la paz y la democracia, teniendo como eje la formaci\u00f3n en valores humanos que promuevan la preservaci\u00f3n y aplicaci\u00f3n de los derechos humanos.<\/p>\n\n\n\n<h2 class=\"wp-block-heading\" id=\"objetivos-especificos\">\u2705 Objetivos Espec\u00edficos<\/h2>\n\n\n\n<hr class=\"wp-block-separator aligncenter has-text-color has-background is-style-wide\" style=\"background-color:#c4d9ff;color:#c4d9ff\"\/>\n\n\n\n<p>\ud83d\udd35 Crear una aut\u00e9ntica <strong>cultura de derechos humanos<\/strong> y la apropiaci\u00f3n de los derechos constitucionales para la convivencia y la paz.<\/p>\n\n\n\n<p>\ud83d\udd35 Construir <strong>procesos de ciudadan\u00eda<\/strong> y convivencia.<\/p>\n\n\n\n<p>\ud83d\udd35 Desarrollar estrategias de <strong>participaci\u00f3n para el aprendizaje<\/strong> y ejercicio de la democracia.<\/p>\n\n\n\n<p>\ud83d\udd35 Divulgar los&nbsp;principales <strong>derechos de los ciudadanos<\/strong> contemplados en la&nbsp;legislaci\u00f3n vigente.<\/p>\n\n\n\n<p>\ud83d\udd35 Brindar experiencias, vivencias y tem\u00e1ticas que contribuyan a <strong>mejorar las competencias ciudadanas<\/strong> a partir de una buena oralidad.<\/p>\n\n\n\n<p>\ud83d\udd35 Fortalecer <strong>nexos permanentes entre los sectores educativos p\u00fablicos y privados.<\/strong><\/p>\n\n\n\n<p>\ud83d\udd35 Facilitar el desarrollo de capacidades esenciales de ciudadan\u00eda, tales como <strong>dignidad y derechos, deberes y respeto<\/strong> por los derechos de las dem\u00e1s personas, sensibilidad y manejo emocional, sentido de la vida el cuerpo y la naturaleza.<\/p>\n\n\n\n<p>\ud83d\udd35 Fomentar la <strong>participaci\u00f3n y convivencia<\/strong> en las y los estudiantes.<\/p>\n\n\n\n<p>\ud83d\udd35 <strong>Promover el goce de la ciudadan\u00eda <\/strong>de manera activa, reflexiva y sobretodo con plena conciencia de los derechos y deberes.<\/p>\n","protected":false},"excerpt":{"rendered":"<p>SAMONU es un proyecto de Simulaci\u00f3n de las Naciones Unidas que se propone la tarea de promover&nbsp;en los estudiantes del Colegio Los Samanes y la ciudad de Ibagu\u00e9, conceptos democr\u00e1ticos fundamentales que sirvan como herramientas indispensables para empoderarlos&nbsp;en aras de resolver por la v\u00eda del debate, el pensamiento cr\u00edtico, el multipespectivismo, la discusi\u00f3n argumentativa y&#8230;<\/p>\n","protected":false},"author":2,"featured_media":0,"parent":0,"menu_order":0,"comment_status":"closed","ping_status":"closed","template":"","meta":{"_kad_post_transparent":"","_kad_post_title":"","_kad_post_layout":"","_kad_post_sidebar_id":"","_kad_post_content_style":"","_kad_post_vertical_padding":"","_kad_post_feature":"","_kad_post_feature_position":"","_kad_post_header":false,"_kad_post_footer":false,"footnotes":""},"class_list":["post-130","page","type-page","status-publish","hentry"],"_links":{"self":[{"href":"https:\/\/samanesonu.colegiolossamanes.edu.co\/index.php\/wp-json\/wp\/v2\/pages\/130","targetHints":{"allow":["GET"]}}],"collection":[{"href":"https:\/\/samanesonu.colegiolossamanes.edu.co\/index.php\/wp-json\/wp\/v2\/pages"}],"about":[{"href":"https:\/\/samanesonu.colegiolossamanes.edu.co\/index.php\/wp-json\/wp\/v2\/types\/page"}],"author":[{"embeddable":true,"href":"https:\/\/samanesonu.colegiolossamanes.edu.co\/index.php\/wp-json\/wp\/v2\/users\/2"}],"replies":[{"embeddable":true,"href":"https:\/\/samanesonu.colegiolossamanes.edu.co\/index.php\/wp-json\/wp\/v2\/comments?post=130"}],"version-history":[{"count":13,"href":"https:\/\/samanesonu.colegiolossamanes.edu.co\/index.php\/wp-json\/wp\/v2\/pages\/130\/revisions"}],"predecessor-version":[{"id":1250,"href":"https:\/\/samanesonu.colegiolossamanes.edu.co\/index.php\/wp-json\/wp\/v2\/pages\/130\/revisions\/1250"}],"wp:attachment":[{"href":"https:\/\/samanesonu.colegiolossamanes.edu.co\/index.php\/wp-json\/wp\/v2\/media?parent=130"}],"curies":[{"name":"wp","href":"https:\/\/api.w.org\/{rel}","templated":true}]}}